{"id":932,"date":"2017-11-10T14:08:51","date_gmt":"2017-11-10T14:08:51","guid":{"rendered":"http:\/\/tag_link_site_url\/mesmerize\/"},"modified":"2026-04-27T16:39:41","modified_gmt":"2026-04-27T15:39:41","slug":"mesmerize","status":"publish","type":"page","link":"https:\/\/rocens.com\/pt\/","title":{"rendered":"Consultoria e Engenharia"},"content":{"rendered":"<div  data-label=\"Features\" data-id=\"features--2\" data-export-id=\"features-12-card-bordered\" data-category=\"features\" class=\"features-12-card-bordered content-section content-section-spacing \" id=\"features-2\" style=\"background-color: rgb(245, 250, 253);\"><div  class=\"gridContainer\"> <div  class=\"row text-center\"><div  class=\"section-title-col\" data-type=\"column\"> <h2  class=\"\">Servi\u00e7os<\/h2> <p  class=\"lead\">As nossas \u00e1reas de especialidade<\/p><\/div> <\/div> <div  class=\"row spaced-cols\" data-type=\"row\"> <div  class=\"col-sm-6\"> <div  class=\"card row-card bordered y-move\"> <div  class=\"row\"> <div  class=\"col-sm-fit icon-column\"> <i  class=\"fa icon color2 fa-gears bordered round\"><\/i> <\/div> <div  class=\"col-sm\" data-type=\"column\"> <h5  class=\"color2\">ARQUITETURA E ENGENHARIA<\/h5> <p  class=\"\">Projetos de arquitetura e engenharia ajustados ao fim a que se destinam e tendo como alvo a determina\u00e7\u00e3o da solu\u00e7\u00e3o t\u00e9cnica que melhor se adequa \u00e0s necessidades e or\u00e7amento do cliente.<\/p><\/div> <\/div><\/div> <\/div> <div  class=\"col-sm-6\"> <div  class=\"card row-card bordered y-move\"> <div  class=\"row\"> <div  class=\"col-sm-fit icon-column\"> <i  class=\"fa icon color2 fa-bar-chart bordered round\"><\/i> <\/div> <div  class=\"col-sm\" data-type=\"column\"> <h5  class=\"color2\">GEST\u00c3O DE PROJETOS<\/h5> <p  class=\"\">Projetos executados de acordo com o plano estabelecido, cumprindo o or\u00e7amento acordado e com o n\u00edvel de qualidade requerido.<\/p><\/div> <\/div><\/div> <\/div> <div  class=\"col-sm-6\"> <div  class=\"card row-card bordered y-move\"> <div  class=\"row\"> <div  class=\"col-sm-fit icon-column\"> <i  class=\"fa icon color2 fa-check-square-o bordered round\"><\/i> <\/div> <div  class=\"col-sm\" data-type=\"column\"> <h5  class=\"color2\">COMISSIONAMENTO E QUALIFICA\u00c7\u00c3O<\/h5> <p  class=\"\">Atividades de comissionamento e qualifica\u00e7\u00e3o planeadas e executadas de modo a cumprir com todos os requisitos regulamentares e que garantam uma instala\u00e7\u00e3o adequada ao fim a que se destina.<\/p><\/div> <\/div><\/div> <\/div> <div  class=\"col-sm-6\"> <div  class=\"card row-card bordered y-move\"> <div  class=\"row\"> <div  class=\"col-sm-fit icon-column\"> <i  class=\"fa icon fa-cubes bordered round color2\"><\/i> <\/div> <div  class=\"col-sm\" data-type=\"column\"> <h5  class=\"color2\">VDC- Virtual Design and Construction<\/h5> <p  class=\"\">O VDC \u00e9 uma combina\u00e7\u00e3o de novas tecnologias (BIM) com um esquema adequado de trabalho e gest\u00e3o.<\/p><\/div> <\/div><\/div> <\/div><\/div> <\/div><\/div><div  data-label=\"Clients\" data-id=\"clients--1\" data-export-id=\"clients-4\" data-category=\"clients\" class=\"clients-4 content-section content-section-spacing-small\" id=\"clients-1\" style=\"background-color: rgb(255, 255, 255);\"><div  class=\"gridContainer\"> <div  class=\"row\"><div  data-type=\"column\" class=\"section-title-col\"> <h2  class=\"font-700\">Alguns dos nossos Clientes<\/h2> <\/div> <\/div> <div  data-type=\"row\" class=\"row spaced-cols middle-xs center-xs space-bottom padding-lr\"> <div  class=\"col-xs-6 col-sm-2 col-md-2\"> <img  decoding=\"async\" src=\"https:\/\/secureservercdn.net\/160.153.137.210\/2gc.6d1.myftpupload.com\/wp-content\/uploads\/2020\/05\/logo-novartis-novartis-1-1.png\" class=\"\" alt=\"\" title=\"logo-novartis-novartis-\"><img  decoding=\"async\" class=\"custom-image\" src=\"https:\/\/rocens.com\/wp-content\/uploads\/2020\/05\/SANDOZ-2.png\" title=\"SANDOZ\" alt=\"\"><\/div> <div  class=\"col-xs-6 col-sm-2 col-md-2\"> <img  decoding=\"async\" src=\"https:\/\/secureservercdn.net\/160.153.137.210\/2gc.6d1.myftpupload.com\/wp-content\/uploads\/2020\/05\/MSD_.png\" class=\"\" alt=\"\" title=\"MSD_\"><img  decoding=\"async\" class=\"custom-image\" src=\"https:\/\/rocens.com\/wp-content\/uploads\/2020\/05\/logo-novartis-novartis-1-1.png\" title=\"logo-novartis-novartis-\" alt=\"\"><\/div> <div  class=\"col-xs-6 col-sm-2 col-md-2\"> <img  decoding=\"async\" src=\"https:\/\/secureservercdn.net\/160.153.137.210\/2gc.6d1.myftpupload.com\/wp-content\/uploads\/2020\/05\/SANDOZ-2.png\" class=\"\" alt=\"\" title=\"SANDOZ\"><img  decoding=\"async\" class=\"custom-image\" src=\"https:\/\/rocens.com\/wp-content\/uploads\/2020\/05\/MSD.jpg\" title=\"MSD\" alt=\"\"><\/div>    <div  class=\"col-xs-6 col-sm-2 col-md-2\"> <img  decoding=\"async\" src=\"https:\/\/secureservercdn.net\/160.153.137.210\/2gc.6d1.myftpupload.com\/wp-content\/uploads\/2020\/09\/cropped-logoIDB.png\" class=\"\" alt=\"\" title=\"\"><img  decoding=\"async\" class=\"custom-image\" src=\"https:\/\/rocens.com\/wp-content\/uploads\/2020\/09\/cropped-cropped-logoIDB.png\" title=\"\" alt=\"\"><\/div><div  class=\"col-xs-6 col-sm-2 col-md-2\"> <img  decoding=\"async\" src=\"https:\/\/rocens.com\/wp-content\/uploads\/2024\/03\/ikea.png\" class=\"\" alt=\"\" title=\"ikea\"><\/div><div  class=\"col-xs-6 col-sm-2 col-md-2\"> <img  decoding=\"async\" src=\"https:\/\/rocens.com\/wp-content\/uploads\/2024\/03\/bsi.png\" class=\"\" alt=\"\" title=\"bsi\"><\/div><div  class=\"col-xs-6 col-sm-2 col-md-2\"> <img  decoding=\"async\" src=\"https:\/\/rocens.com\/wp-content\/uploads\/2024\/03\/solfarcos.png\" class=\"\" alt=\"\" title=\"solfarcos\"><\/div><\/div><\/div> <\/div>","protected":false},"excerpt":{"rendered":"<p>Servi\u00e7os As nossas \u00e1reas de especialidade ARQUITETURA E ENGENHARIA Projetos de arquitetura e engenharia ajustados ao fim a que se destinam e tendo como alvo a determina\u00e7\u00e3o da solu\u00e7\u00e3o t\u00e9cnica que melhor se adequa \u00e0s necessidades e or\u00e7amento do cliente. GEST\u00c3O DE PROJETOS Projetos executados de acordo com o plano estabelecido, cumprindo o or\u00e7amento acordado&hellip; <br \/> <a class=\"read-more\" href=\"https:\/\/rocens.com\/pt\/\">Read more<\/a><\/p>\n","protected":false},"author":5,"featured_media":0,"parent":0,"menu_order":0,"comment_status":"closed","ping_status":"closed","template":"page-templates\/homepage.php","meta":{"_coblocks_attr":"","_coblocks_dimensions":"","_coblocks_responsive_height":"","_coblocks_accordion_ie_support":"","om_disable_all_campaigns":false,"_monsterinsights_skip_tracking":false,"_monsterinsights_sitenote_active":false,"_monsterinsights_sitenote_note":"","_monsterinsights_sitenote_category":0,"footnotes":""},"class_list":["post-932","page","type-page","status-publish","hentry"],"aioseo_notices":[],"_links":{"self":[{"href":"https:\/\/rocens.com\/pt\/wp-json\/wp\/v2\/pages\/932","targetHints":{"allow":["GET"]}}],"collection":[{"href":"https:\/\/rocens.com\/pt\/wp-json\/wp\/v2\/pages"}],"about":[{"href":"https:\/\/rocens.com\/pt\/wp-json\/wp\/v2\/types\/page"}],"author":[{"embeddable":true,"href":"https:\/\/rocens.com\/pt\/wp-json\/wp\/v2\/users\/5"}],"replies":[{"embeddable":true,"href":"https:\/\/rocens.com\/pt\/wp-json\/wp\/v2\/comments?post=932"}],"version-history":[{"count":142,"href":"https:\/\/rocens.com\/pt\/wp-json\/wp\/v2\/pages\/932\/revisions"}],"predecessor-version":[{"id":3416,"href":"https:\/\/rocens.com\/pt\/wp-json\/wp\/v2\/pages\/932\/revisions\/3416"}],"wp:attachment":[{"href":"https:\/\/rocens.com\/pt\/wp-json\/wp\/v2\/media?parent=932"}],"curies":[{"name":"wp","href":"https:\/\/api.w.org\/{rel}","templated":true}]}}