{"id":2870,"date":"2024-10-16T17:50:46","date_gmt":"2024-10-16T16:50:46","guid":{"rendered":"https:\/\/rocens.com\/enconsulting-and-strategic-planning\/"},"modified":"2024-10-18T17:20:21","modified_gmt":"2024-10-18T16:20:21","slug":"project-construction-management","status":"publish","type":"page","link":"https:\/\/rocens.com\/pt\/project-construction-management\/","title":{"rendered":"Gest\u00e3o de projeto e Fiscaliza\u00e7\u00e3o de Obra"},"content":{"rendered":"\n<div class=\"wp-block-columns is-layout-flex wp-container-core-columns-is-layout-9d6595d7 wp-block-columns-is-layout-flex\">\n<div class=\"wp-block-column is-layout-flow wp-block-column-is-layout-flow\">            <div class=\"oxi-addons-container noLightbox oxi-image-hover-wrapper-61 \" id=\"oxi-image-hover-wrapper-61\">\n                <div class=\"oxi-addons-row\">\n                    \n            <div class=\"oxi-image-hover-style oxi-bt-col-lg-12 oxi-bt-col-md-12 oxi-bt-col-sm-12                         \" sa-data-animation=\"zoomIn\" sa-data-animation-offset=\"100%\" sa-data-animation-delay=\"0ms\" sa-data-animation-duration=\"1000ms\">\n                <div class=\"oxi-image-hover-style-general\">\n                    <div class=\"oxi-image-hover oxi-image-general-hover oxi-image-general-hover-style-1 oxi-image-general-hover-61-62\">\n                                                    <div class=\"oxi-image-hover-figure\">\n                                <div class=\"oxi-image-hover-image\">\n                                    <img decoding=\"async\" src=\"https:\/\/rocens.com\/wp-content\/uploads\/2024\/10\/botooes-1-1.png\" >\n                                <\/div>\n                                <div class=\"oxi-image-hover-figure-caption\">\n                                    <div class=\"oxi-image-hover-caption-tab   image-hover-align-center-center\">\n                                                                                    <div class=\"oxi-image-hover-button iheu-fade-up \">\n                                                <a  href=\"https:\/\/rocens.com\/pt\/project-management\/\" rel=\"nofollow\" class=\"oxi-image-btn\">Open<\/a>\n                                            <\/div>\n                                                                                <\/div>\n                                <\/div>\n                            <\/div>\n                                                <\/div>\n                <\/div> \n                            <\/div> \n                            <\/div>\n            <\/div>\n\t\t\t\n<\/div>\n\n\n\n<div class=\"wp-block-column is-layout-flow wp-block-column-is-layout-flow\">            <div class=\"oxi-addons-container noLightbox oxi-image-hover-wrapper-62 \" id=\"oxi-image-hover-wrapper-62\">\n                <div class=\"oxi-addons-row\">\n                    \n            <div class=\"oxi-image-hover-style oxi-bt-col-lg-12 oxi-bt-col-md-12 oxi-bt-col-sm-12                         \" sa-data-animation=\"zoomIn\" sa-data-animation-offset=\"100%\" sa-data-animation-delay=\"0ms\" sa-data-animation-duration=\"1000ms\">\n                <div class=\"oxi-image-hover-style-general\">\n                    <div class=\"oxi-image-hover oxi-image-general-hover oxi-image-general-hover-style-1 oxi-image-general-hover-62-63\">\n                                                    <div class=\"oxi-image-hover-figure\">\n                                <div class=\"oxi-image-hover-image\">\n                                    <img decoding=\"async\" src=\"https:\/\/rocens.com\/wp-content\/uploads\/2024\/10\/botooes-1-6-3.png\" >\n                                <\/div>\n                                <div class=\"oxi-image-hover-figure-caption\">\n                                    <div class=\"oxi-image-hover-caption-tab   image-hover-align-center-center\">\n                                                                                    <div class=\"oxi-image-hover-button iheu-fade-up \">\n                                                <a  href=\"https:\/\/rocens.com\/pt\/construction-management\/\" rel=\"nofollow\" class=\"oxi-image-btn\">Open<\/a>\n                                            <\/div>\n                                                                                <\/div>\n                                <\/div>\n                            <\/div>\n                                                <\/div>\n                <\/div> \n                            <\/div> \n                            <\/div>\n            <\/div>\n\t\t\t\n<\/div>\n\n\n\n<div class=\"wp-block-column is-layout-flow wp-block-column-is-layout-flow\">            <div class=\"oxi-addons-container noLightbox oxi-image-hover-wrapper-63 \" id=\"oxi-image-hover-wrapper-63\">\n                <div class=\"oxi-addons-row\">\n                    \n            <div class=\"oxi-image-hover-style oxi-bt-col-lg-12 oxi-bt-col-md-12 oxi-bt-col-sm-12                         \" sa-data-animation=\"zoomIn\" sa-data-animation-offset=\"100%\" sa-data-animation-delay=\"0ms\" sa-data-animation-duration=\"1000ms\">\n                <div class=\"oxi-image-hover-style-general\">\n                    <div class=\"oxi-image-hover oxi-image-general-hover oxi-image-general-hover-style-1 oxi-image-general-hover-63-64\">\n                                                    <div class=\"oxi-image-hover-figure\">\n                                <div class=\"oxi-image-hover-image\">\n                                    <img decoding=\"async\" src=\"https:\/\/rocens.com\/wp-content\/uploads\/2024\/10\/botooes-1-7-2.png\" >\n                                <\/div>\n                                <div class=\"oxi-image-hover-figure-caption\">\n                                    <div class=\"oxi-image-hover-caption-tab   image-hover-align-center-center\">\n                                                                                    <div class=\"oxi-image-hover-button iheu-fade-up \">\n                                                <a  href=\"https:\/\/rocens.com\/pt\/construction-qa-qc\/\" rel=\"nofollow\" class=\"oxi-image-btn\">Open<\/a>\n                                            <\/div>\n                                                                                <\/div>\n                                <\/div>\n                            <\/div>\n                                                <\/div>\n                <\/div> \n                            <\/div> \n                            <\/div>\n            <\/div>\n\t\t\t\n<\/div>\n<\/div>\n","protected":false},"excerpt":{"rendered":"","protected":false},"author":5,"featured_media":0,"parent":0,"menu_order":0,"comment_status":"closed","ping_status":"closed","template":"","meta":{"_coblocks_attr":"","_coblocks_dimensions":"","_coblocks_responsive_height":"","_coblocks_accordion_ie_support":"","om_disable_all_campaigns":false,"_monsterinsights_skip_tracking":false,"_monsterinsights_sitenote_active":false,"_monsterinsights_sitenote_note":"","_monsterinsights_sitenote_category":0,"footnotes":""},"class_list":["post-2870","page","type-page","status-publish","hentry"],"aioseo_notices":[],"_links":{"self":[{"href":"https:\/\/rocens.com\/pt\/wp-json\/wp\/v2\/pages\/2870","targetHints":{"allow":["GET"]}}],"collection":[{"href":"https:\/\/rocens.com\/pt\/wp-json\/wp\/v2\/pages"}],"about":[{"href":"https:\/\/rocens.com\/pt\/wp-json\/wp\/v2\/types\/page"}],"author":[{"embeddable":true,"href":"https:\/\/rocens.com\/pt\/wp-json\/wp\/v2\/users\/5"}],"replies":[{"embeddable":true,"href":"https:\/\/rocens.com\/pt\/wp-json\/wp\/v2\/comments?post=2870"}],"version-history":[{"count":6,"href":"https:\/\/rocens.com\/pt\/wp-json\/wp\/v2\/pages\/2870\/revisions"}],"predecessor-version":[{"id":2937,"href":"https:\/\/rocens.com\/pt\/wp-json\/wp\/v2\/pages\/2870\/revisions\/2937"}],"wp:attachment":[{"href":"https:\/\/rocens.com\/pt\/wp-json\/wp\/v2\/media?parent=2870"}],"curies":[{"name":"wp","href":"https:\/\/api.w.org\/{rel}","templated":true}]}}