{"id":2834,"date":"2024-10-16T12:03:56","date_gmt":"2024-10-16T11:03:56","guid":{"rendered":"https:\/\/rocens.com\/en1\/"},"modified":"2024-12-23T14:31:45","modified_gmt":"2024-12-23T14:31:45","slug":"qualification","status":"publish","type":"page","link":"https:\/\/rocens.com\/pt\/qualification\/","title":{"rendered":"Qualifica\u00e7\u00e3o"},"content":{"rendered":"\n<p>A qualifica\u00e7\u00e3o \u00e9 um processo cr\u00edtico para garantir que sistemas, equipamentos e processos cumpram os padr\u00f5es predefinidos e os requisitos regulamentares. Envolve uma s\u00e9rie de testes e verifica\u00e7\u00f5es para confirmar que tudo opera conforme o esperado e \u00e9 adequado para o seu uso pretendido. Sendo um processo crucial para a ind\u00fastria farmac\u00eautica e biotecnol\u00f3gica, os aspetos principais incluem:<\/p>\n\n\n\n<ul class=\"wp-block-list\">\n<li><strong>Qualifica\u00e7\u00e3o de Design (DQ)<\/strong>: Verifica\u00e7\u00e3o de que as especifica\u00e7\u00f5es de design cumprem todos os requisitos regulamentares e operacionais.<\/li>\n\n\n\n<li><strong>Qualifica\u00e7\u00e3o de Instala\u00e7\u00e3o (IQ)<\/strong>: Garantir que os equipamentos e sistemas sejam instalados corretamente de acordo com as especifica\u00e7\u00f5es de design.<\/li>\n\n\n\n<li><strong>Qualifica\u00e7\u00e3o Operacional (OQ)<\/strong>: Testes para confirmar que os equipamentos e sistemas operam dentro dos par\u00e2metros especificados em todas as condi\u00e7\u00f5es esperadas.<\/li>\n\n\n\n<li><strong>Qualifica\u00e7\u00e3o de Desempenho (PQ)<\/strong>: Verifica\u00e7\u00e3o de que os sistemas e equipamentos desempenham de forma eficaz e reprodut\u00edvel em condi\u00e7\u00f5es reais. Esta etapa tamb\u00e9m verifica as especifica\u00e7\u00f5es de requisitos do utilizador.<\/li>\n<\/ul>\n\n\n\n<p>O processo de qualifica\u00e7\u00e3o \u00e9 essencial para garantir conformidade, fiabilidade e seguran\u00e7a em v\u00e1rias ind\u00fastrias, particularmente aquelas com requisitos regulamentares rigorosos, como a farmac\u00eautica e a biotecnol\u00f3gica.<\/p>\n\n\n\n<p>A nossa equipa \u00e9 especializada em servi\u00e7os abrangentes de qualifica\u00e7\u00e3o para garantir que os seus sistemas e processos cumpram os mais altos padr\u00f5es de qualidade e conformidade.<\/p>\n\n\n<div class=\"wp-block-image\">\n<figure class=\"aligncenter size-full\"><img fetchpriority=\"high\" decoding=\"async\" width=\"545\" height=\"329\" src=\"https:\/\/rocens.com\/wp-content\/uploads\/2024\/10\/3-e1734951036901.png\" alt=\"\" class=\"wp-image-3059\" srcset=\"https:\/\/rocens.com\/wp-content\/uploads\/2024\/10\/3-e1734951036901.png 545w, https:\/\/rocens.com\/wp-content\/uploads\/2024\/10\/3-e1734951036901-300x181.png 300w\" sizes=\"(max-width: 545px) 100vw, 545px\" \/><\/figure><\/div>","protected":false},"excerpt":{"rendered":"<p>A qualifica\u00e7\u00e3o \u00e9 um processo cr\u00edtico para garantir que sistemas, equipamentos e processos cumpram os padr\u00f5es predefinidos e os requisitos regulamentares. Envolve uma s\u00e9rie de testes e verifica\u00e7\u00f5es para confirmar que tudo opera conforme o esperado e \u00e9 adequado para o seu uso pretendido. Sendo um processo crucial para a ind\u00fastria farmac\u00eautica e biotecnol\u00f3gica, os&hellip; <br \/> <a class=\"read-more\" href=\"https:\/\/rocens.com\/pt\/qualification\/\">Read more<\/a><\/p>\n","protected":false},"author":5,"featured_media":0,"parent":0,"menu_order":0,"comment_status":"closed","ping_status":"closed","template":"page-templates\/page-with-right-sidebar.php","meta":{"_coblocks_attr":"","_coblocks_dimensions":"","_coblocks_responsive_height":"","_coblocks_accordion_ie_support":"","om_disable_all_campaigns":false,"_monsterinsights_skip_tracking":false,"_monsterinsights_sitenote_active":false,"_monsterinsights_sitenote_note":"","_monsterinsights_sitenote_category":0,"footnotes":""},"class_list":["post-2834","page","type-page","status-publish","hentry"],"aioseo_notices":[],"_links":{"self":[{"href":"https:\/\/rocens.com\/pt\/wp-json\/wp\/v2\/pages\/2834","targetHints":{"allow":["GET"]}}],"collection":[{"href":"https:\/\/rocens.com\/pt\/wp-json\/wp\/v2\/pages"}],"about":[{"href":"https:\/\/rocens.com\/pt\/wp-json\/wp\/v2\/types\/page"}],"author":[{"embeddable":true,"href":"https:\/\/rocens.com\/pt\/wp-json\/wp\/v2\/users\/5"}],"replies":[{"embeddable":true,"href":"https:\/\/rocens.com\/pt\/wp-json\/wp\/v2\/comments?post=2834"}],"version-history":[{"count":9,"href":"https:\/\/rocens.com\/pt\/wp-json\/wp\/v2\/pages\/2834\/revisions"}],"predecessor-version":[{"id":3354,"href":"https:\/\/rocens.com\/pt\/wp-json\/wp\/v2\/pages\/2834\/revisions\/3354"}],"wp:attachment":[{"href":"https:\/\/rocens.com\/pt\/wp-json\/wp\/v2\/media?parent=2834"}],"curies":[{"name":"wp","href":"https:\/\/api.w.org\/{rel}","templated":true}]}}