{"id":2832,"date":"2024-10-16T12:03:08","date_gmt":"2024-10-16T11:03:08","guid":{"rendered":"https:\/\/rocens.com\/en1\/"},"modified":"2024-12-23T14:29:40","modified_gmt":"2024-12-23T14:29:40","slug":"commissioning","status":"publish","type":"page","link":"https:\/\/rocens.com\/pt\/commissioning\/","title":{"rendered":"Comissionamento"},"content":{"rendered":"\n<p>O comissionamento \u00e9 um processo de garantia de qualidade que assegura que todos os sistemas e componentes de um edif\u00edcio ou projeto sejam projetados, instalados, testados, operados e mantidos de acordo com os requisitos operacionais do propriet\u00e1rio. Este processo \u00e9 crucial para verificar que tudo funciona corretamente e cumpre os padr\u00f5es especificados. Os aspetos principais incluem:<\/p>\n\n\n\n<ul class=\"wp-block-list\">\n<li><strong>Planeamento<\/strong>: Desenvolvimento de um plano de comissionamento que delineia o \u00e2mbito, cronograma e responsabilidades.<\/li>\n\n\n\n<li><strong>Verifica\u00e7\u00e3o da Instala\u00e7\u00e3o<\/strong>: Garantir que todos os equipamentos e sistemas sejam instalados corretamente e de acordo com as especifica\u00e7\u00f5es de design.<\/li>\n\n\n\n<li><strong>Testes Funcionais<\/strong>: Realiza\u00e7\u00e3o de testes para verificar que os sistemas operam conforme o esperado em todas as condi\u00e7\u00f5es previstas.<\/li>\n\n\n\n<li><strong>Documenta\u00e7\u00e3o<\/strong>: Cria\u00e7\u00e3o de registos detalhados de todas as atividades de comissionamento, incluindo resultados de testes e quaisquer problemas identificados. Al\u00e9m dos planos de teste, pacotes de transfer\u00eancia de engenharia abrangentes (ETOP) ser\u00e3o compilados nesta fase, prontos para a entrega ao cliente.<\/li>\n\n\n\n<li><strong>Forma\u00e7\u00e3o<\/strong>: Fornecimento de forma\u00e7\u00e3o para a equipa de opera\u00e7\u00f5es para garantir que compreendem como operar e manter os sistemas.<\/li>\n\n\n\n<li><strong>Entrega<\/strong>: Garantir uma transi\u00e7\u00e3o suave da fase de constru\u00e7\u00e3o para o uso operacional, incluindo inspe\u00e7\u00f5es finais e aprova\u00e7\u00f5es.<\/li>\n<\/ul>\n\n\n\n<p>O comissionamento ajuda a garantir que os projetos sejam conclu\u00eddos com os mais altos padr\u00f5es, proporcionando confian\u00e7a de que todos os sistemas funcionar\u00e3o de forma fi\u00e1vel e eficiente.<\/p>\n\n\n\n<p>A nossa equipa \u00e9 especializada em servi\u00e7os de comissionamento abrangentes para garantir que os seus projetos cumpram todos os requisitos operacionais e regulamentares.<\/p>\n\n\n<div class=\"wp-block-image\">\n<figure class=\"aligncenter size-full\"><img fetchpriority=\"high\" decoding=\"async\" width=\"495\" height=\"333\" src=\"https:\/\/rocens.com\/wp-content\/uploads\/2024\/10\/2-e1734950665285.png\" alt=\"\" class=\"wp-image-3057\" srcset=\"https:\/\/rocens.com\/wp-content\/uploads\/2024\/10\/2-e1734950665285.png 495w, https:\/\/rocens.com\/wp-content\/uploads\/2024\/10\/2-e1734950665285-300x202.png 300w\" sizes=\"(max-width: 495px) 100vw, 495px\" \/><\/figure><\/div>","protected":false},"excerpt":{"rendered":"<p>O comissionamento \u00e9 um processo de garantia de qualidade que assegura que todos os sistemas e componentes de um edif\u00edcio ou projeto sejam projetados, instalados, testados, operados e mantidos de acordo com os requisitos operacionais do propriet\u00e1rio. Este processo \u00e9 crucial para verificar que tudo funciona corretamente e cumpre os padr\u00f5es especificados. Os aspetos principais&hellip; <br \/> <a class=\"read-more\" href=\"https:\/\/rocens.com\/pt\/commissioning\/\">Read more<\/a><\/p>\n","protected":false},"author":5,"featured_media":0,"parent":0,"menu_order":0,"comment_status":"closed","ping_status":"closed","template":"page-templates\/page-with-right-sidebar.php","meta":{"_coblocks_attr":"","_coblocks_dimensions":"","_coblocks_responsive_height":"","_coblocks_accordion_ie_support":"","om_disable_all_campaigns":false,"_monsterinsights_skip_tracking":false,"_monsterinsights_sitenote_active":false,"_monsterinsights_sitenote_note":"","_monsterinsights_sitenote_category":0,"footnotes":""},"class_list":["post-2832","page","type-page","status-publish","hentry"],"aioseo_notices":[],"_links":{"self":[{"href":"https:\/\/rocens.com\/pt\/wp-json\/wp\/v2\/pages\/2832","targetHints":{"allow":["GET"]}}],"collection":[{"href":"https:\/\/rocens.com\/pt\/wp-json\/wp\/v2\/pages"}],"about":[{"href":"https:\/\/rocens.com\/pt\/wp-json\/wp\/v2\/types\/page"}],"author":[{"embeddable":true,"href":"https:\/\/rocens.com\/pt\/wp-json\/wp\/v2\/users\/5"}],"replies":[{"embeddable":true,"href":"https:\/\/rocens.com\/pt\/wp-json\/wp\/v2\/comments?post=2832"}],"version-history":[{"count":8,"href":"https:\/\/rocens.com\/pt\/wp-json\/wp\/v2\/pages\/2832\/revisions"}],"predecessor-version":[{"id":3352,"href":"https:\/\/rocens.com\/pt\/wp-json\/wp\/v2\/pages\/2832\/revisions\/3352"}],"wp:attachment":[{"href":"https:\/\/rocens.com\/pt\/wp-json\/wp\/v2\/media?parent=2832"}],"curies":[{"name":"wp","href":"https:\/\/api.w.org\/{rel}","templated":true}]}}