{"id":2830,"date":"2024-10-16T12:00:54","date_gmt":"2024-10-16T11:00:54","guid":{"rendered":"https:\/\/rocens.com\/en1\/"},"modified":"2024-12-23T14:27:39","modified_gmt":"2024-12-23T14:27:39","slug":"cq-strategy","status":"publish","type":"page","link":"https:\/\/rocens.com\/pt\/cq-strategy\/","title":{"rendered":"Comissionamento e Qualifica\u00e7\u00e3o (C&#038;Q)"},"content":{"rendered":"\n<p>A Comissionamento e Qualifica\u00e7\u00e3o (C&#038;Q) s\u00e3o processos cr\u00edticos para garantir que instala\u00e7\u00f5es, sistemas e equipamentos sejam projetados, instalados e testados de acordo com os padr\u00f5es regulamentares e requisitos operacionais. Uma estrat\u00e9gia robusta de C&#038;Q assegura que todos os componentes deste processo sejam bem definidos e planeados ao longo do ciclo de vida do projeto para cumprir as expectativas da ind\u00fastria e o quadro regulamentar. Os aspetos principais incluem:<\/p>\n\n\n\n<ul class=\"wp-block-list\">\n<li><strong>Comissionamento<\/strong>: Esta fase envolve o processo sistem\u00e1tico de verifica\u00e7\u00e3o e documenta\u00e7\u00e3o de que todos os sistemas e componentes de uma instala\u00e7\u00e3o s\u00e3o projetados, instalados, testados, operados e mantidos de acordo com os requisitos operacionais do propriet\u00e1rio ou cliente final.<\/li>\n\n\n\n<li><strong>Qualifica\u00e7\u00e3o<\/strong>: Esta fase garante que os sistemas e equipamentos cumprem os padr\u00f5es de qualidade predefinidos e os requisitos regulamentares.<\/li>\n<\/ul>\n\n\n\n<p>Uma estrat\u00e9gia de C&#038;Q bem implementada ajuda a alcan\u00e7ar um estado validado, garantindo que todos os processos s\u00e3o fi\u00e1veis, conformes e prontos para a produ\u00e7\u00e3o.<\/p>\n\n\n\n<p>A nossa equipa \u00e9 especializada no desenvolvimento e execu\u00e7\u00e3o de estrat\u00e9gias abrangentes de C&#038;Q para garantir o sucesso e a conformidade dos seus projetos.<\/p>\n\n\n\n<figure class=\"wp-block-image size-full\"><img fetchpriority=\"high\" decoding=\"async\" width=\"612\" height=\"322\" src=\"https:\/\/rocens.com\/wp-content\/uploads\/2024\/10\/1-e1734951174410.png\" alt=\"\" class=\"wp-image-3055\" srcset=\"https:\/\/rocens.com\/wp-content\/uploads\/2024\/10\/1-e1734951174410.png 612w, https:\/\/rocens.com\/wp-content\/uploads\/2024\/10\/1-e1734951174410-300x158.png 300w\" sizes=\"(max-width: 612px) 100vw, 612px\" \/><\/figure>\n","protected":false},"excerpt":{"rendered":"<p>A Comissionamento e Qualifica\u00e7\u00e3o (C&#038;Q) s\u00e3o processos cr\u00edticos para garantir que instala\u00e7\u00f5es, sistemas e equipamentos sejam projetados, instalados e testados de acordo com os padr\u00f5es regulamentares e requisitos operacionais. Uma estrat\u00e9gia robusta de C&#038;Q assegura que todos os componentes deste processo sejam bem definidos e planeados ao longo do ciclo de vida do projeto para&hellip; <br \/> <a class=\"read-more\" href=\"https:\/\/rocens.com\/pt\/cq-strategy\/\">Read more<\/a><\/p>\n","protected":false},"author":5,"featured_media":0,"parent":0,"menu_order":0,"comment_status":"closed","ping_status":"closed","template":"page-templates\/page-with-right-sidebar.php","meta":{"_coblocks_attr":"","_coblocks_dimensions":"","_coblocks_responsive_height":"","_coblocks_accordion_ie_support":"","om_disable_all_campaigns":false,"_monsterinsights_skip_tracking":false,"_monsterinsights_sitenote_active":false,"_monsterinsights_sitenote_note":"","_monsterinsights_sitenote_category":0,"footnotes":""},"class_list":["post-2830","page","type-page","status-publish","hentry"],"aioseo_notices":[],"_links":{"self":[{"href":"https:\/\/rocens.com\/pt\/wp-json\/wp\/v2\/pages\/2830","targetHints":{"allow":["GET"]}}],"collection":[{"href":"https:\/\/rocens.com\/pt\/wp-json\/wp\/v2\/pages"}],"about":[{"href":"https:\/\/rocens.com\/pt\/wp-json\/wp\/v2\/types\/page"}],"author":[{"embeddable":true,"href":"https:\/\/rocens.com\/pt\/wp-json\/wp\/v2\/users\/5"}],"replies":[{"embeddable":true,"href":"https:\/\/rocens.com\/pt\/wp-json\/wp\/v2\/comments?post=2830"}],"version-history":[{"count":13,"href":"https:\/\/rocens.com\/pt\/wp-json\/wp\/v2\/pages\/2830\/revisions"}],"predecessor-version":[{"id":3350,"href":"https:\/\/rocens.com\/pt\/wp-json\/wp\/v2\/pages\/2830\/revisions\/3350"}],"wp:attachment":[{"href":"https:\/\/rocens.com\/pt\/wp-json\/wp\/v2\/media?parent=2830"}],"curies":[{"name":"wp","href":"https:\/\/api.w.org\/{rel}","templated":true}]}}