{"id":2828,"date":"2024-10-16T11:58:41","date_gmt":"2024-10-16T10:58:41","guid":{"rendered":"https:\/\/rocens.com\/en1\/"},"modified":"2024-12-23T14:25:06","modified_gmt":"2024-12-23T14:25:06","slug":"construction-qa-qc","status":"publish","type":"page","link":"https:\/\/rocens.com\/pt\/construction-qa-qc\/","title":{"rendered":"Fiscaliza\u00e7\u00e3o de Obra"},"content":{"rendered":"\n<p>A Garantia de Qualidade (QA) e o Controlo de Qualidade (QC) na constru\u00e7\u00e3o s\u00e3o processos essenciais que garantem que um projeto de constru\u00e7\u00e3o cumpre todos os padr\u00f5es especificados e os requisitos do cliente.<\/p>\n\n\n\n<p><strong>Garantia de Qualidade (QA)<\/strong>: Isto envolve as atividades e procedimentos sistem\u00e1ticos implementados antes e durante o processo de constru\u00e7\u00e3o para garantir que o projeto cumprir\u00e1 os padr\u00f5es de qualidade exigidos. A QA \u00e9 proativa, focando-se na preven\u00e7\u00e3o de defeitos atrav\u00e9s do planeamento e estabelecimento de padr\u00f5es e processos de qualidade.<\/p>\n\n\n\n<p><strong>Controlo de Qualidade (QC)<\/strong>: Isto envolve a inspe\u00e7\u00e3o e teste de materiais, processos e do produto final para garantir que cumprem os padr\u00f5es especificados. O QC \u00e9 reativo, identificando defeitos e tomando a\u00e7\u00f5es corretivas para resolver quaisquer problemas que surgirem durante a constru\u00e7\u00e3o.<\/p>\n\n\n\n<p>Os principais benef\u00edcios de um plano robusto de QA\/QC incluem:<\/p>\n\n\n\n<ul class=\"wp-block-list\">\n<li><strong>Consist\u00eancia<\/strong>: Garantir que todas as atividades de constru\u00e7\u00e3o cumprem os padr\u00f5es de qualidade exigidos.<\/li>\n\n\n\n<li><strong>Efici\u00eancia<\/strong>: Reduzir retrabalhos e atrasos ao identificar e resolver problemas precocemente.<\/li>\n\n\n\n<li><strong>Conformidade<\/strong>: Cumprir todos os requisitos regulamentares e do cliente.<\/li>\n\n\n\n<li><strong>Seguran\u00e7a<\/strong>: Melhorar a seguran\u00e7a do local de constru\u00e7\u00e3o ao aderir aos padr\u00f5es de qualidade.<\/li>\n<\/ul>\n\n\n\n<p>A nossa equipa de QA\/QC trabalha diligentemente para garantir que cada projeto seja conclu\u00eddo com os mais altos padr\u00f5es, entregando resultados de qualidade que superam as expectativas dos nossos clientes.<\/p>\n","protected":false},"excerpt":{"rendered":"<p>A Garantia de Qualidade (QA) e o Controlo de Qualidade (QC) na constru\u00e7\u00e3o s\u00e3o processos essenciais que garantem que um projeto de constru\u00e7\u00e3o cumpre todos os padr\u00f5es especificados e os requisitos do cliente. Garantia de Qualidade (QA): Isto envolve as atividades e procedimentos sistem\u00e1ticos implementados antes e durante o processo de constru\u00e7\u00e3o para garantir que&hellip; <br \/> <a class=\"read-more\" href=\"https:\/\/rocens.com\/pt\/construction-qa-qc\/\">Read more<\/a><\/p>\n","protected":false},"author":5,"featured_media":0,"parent":0,"menu_order":0,"comment_status":"closed","ping_status":"closed","template":"page-templates\/page-with-right-sidebar.php","meta":{"_coblocks_attr":"","_coblocks_dimensions":"","_coblocks_responsive_height":"","_coblocks_accordion_ie_support":"","om_disable_all_campaigns":false,"_monsterinsights_skip_tracking":false,"_monsterinsights_sitenote_active":false,"_monsterinsights_sitenote_note":"","_monsterinsights_sitenote_category":0,"footnotes":""},"class_list":["post-2828","page","type-page","status-publish","hentry"],"aioseo_notices":[],"_links":{"self":[{"href":"https:\/\/rocens.com\/pt\/wp-json\/wp\/v2\/pages\/2828","targetHints":{"allow":["GET"]}}],"collection":[{"href":"https:\/\/rocens.com\/pt\/wp-json\/wp\/v2\/pages"}],"about":[{"href":"https:\/\/rocens.com\/pt\/wp-json\/wp\/v2\/types\/page"}],"author":[{"embeddable":true,"href":"https:\/\/rocens.com\/pt\/wp-json\/wp\/v2\/users\/5"}],"replies":[{"embeddable":true,"href":"https:\/\/rocens.com\/pt\/wp-json\/wp\/v2\/comments?post=2828"}],"version-history":[{"count":6,"href":"https:\/\/rocens.com\/pt\/wp-json\/wp\/v2\/pages\/2828\/revisions"}],"predecessor-version":[{"id":3347,"href":"https:\/\/rocens.com\/pt\/wp-json\/wp\/v2\/pages\/2828\/revisions\/3347"}],"wp:attachment":[{"href":"https:\/\/rocens.com\/pt\/wp-json\/wp\/v2\/media?parent=2828"}],"curies":[{"name":"wp","href":"https:\/\/api.w.org\/{rel}","templated":true}]}}