{"id":2826,"date":"2024-10-16T11:57:21","date_gmt":"2024-10-16T10:57:21","guid":{"rendered":"https:\/\/rocens.com\/en1\/"},"modified":"2024-12-23T19:02:05","modified_gmt":"2024-12-23T19:02:05","slug":"construction-management","status":"publish","type":"page","link":"https:\/\/rocens.com\/pt\/construction-management\/","title":{"rendered":"Gest\u00e3o e Coordena\u00e7\u00e3o de Obra"},"content":{"rendered":"\n<p><\/p>\n\n\n\n<p><strong>Gest\u00e3o de Constru\u00e7\u00e3o<\/strong>&nbsp;\u00e9 o processo de planear, coordenar e supervisionar atividades de constru\u00e7\u00e3o em projetos do in\u00edcio ao fim. Garante que as atividades sejam conclu\u00eddas a tempo, com seguran\u00e7a, dentro do quadro contratual e com os padr\u00f5es de qualidade exigidos. As principais responsabilidades incluem:<\/p>\n\n\n\n<ul class=\"wp-block-list\">\n<li><strong>Planeamento do Projeto<\/strong>: Desenvolver planos detalhados para cada fase do processo de constru\u00e7\u00e3o.<\/li>\n\n\n\n<li><strong>Agendamento<\/strong>: Gerir cronogramas para garantir a conclus\u00e3o atempada das tarefas.<\/li>\n\n\n\n<li><strong>Gest\u00e3o de Contratos<\/strong>: Monitorizar e controlar o \u00e2mbito do contrato.<\/li>\n\n\n\n<li><strong>Controlo de Qualidade<\/strong>: Garantir que todo o trabalho atenda aos padr\u00f5es, especifica\u00e7\u00f5es e regulamentos especificados.<\/li>\n\n\n\n<li><strong>Gest\u00e3o de Seguran\u00e7a<\/strong>: Implementar protocolos de seguran\u00e7a para proteger os trabalhadores e o p\u00fablico.<\/li>\n\n\n\n<li><strong>Gest\u00e3o de Riscos<\/strong>: Identificar riscos potenciais e implementar estrat\u00e9gias para mitig\u00e1-los.<\/li>\n<\/ul>\n\n\n\n<p><br>Trabalhamos em estreita colabora\u00e7\u00e3o com arquitetos, engenheiros e empreiteiros para entregar projetos bem-sucedidos que atendam \u00e0s expectativas dos nossos clientes.<\/p>\n\n\n\n<p><\/p>\n\n\n\n<p><\/p>\n","protected":false},"excerpt":{"rendered":"<p>Gest\u00e3o de Constru\u00e7\u00e3o&nbsp;\u00e9 o processo de planear, coordenar e supervisionar atividades de constru\u00e7\u00e3o em projetos do in\u00edcio ao fim. Garante que as atividades sejam conclu\u00eddas a tempo, com seguran\u00e7a, dentro do quadro contratual e com os padr\u00f5es de qualidade exigidos. As principais responsabilidades incluem: Trabalhamos em estreita colabora\u00e7\u00e3o com arquitetos, engenheiros e empreiteiros para entregar&hellip; <br \/> <a class=\"read-more\" href=\"https:\/\/rocens.com\/pt\/construction-management\/\">Read more<\/a><\/p>\n","protected":false},"author":5,"featured_media":0,"parent":0,"menu_order":0,"comment_status":"closed","ping_status":"closed","template":"page-templates\/page-with-right-sidebar.php","meta":{"_coblocks_attr":"","_coblocks_dimensions":"","_coblocks_responsive_height":"","_coblocks_accordion_ie_support":"","om_disable_all_campaigns":false,"_monsterinsights_skip_tracking":false,"_monsterinsights_sitenote_active":false,"_monsterinsights_sitenote_note":"","_monsterinsights_sitenote_category":0,"footnotes":""},"class_list":["post-2826","page","type-page","status-publish","hentry"],"aioseo_notices":[],"_links":{"self":[{"href":"https:\/\/rocens.com\/pt\/wp-json\/wp\/v2\/pages\/2826","targetHints":{"allow":["GET"]}}],"collection":[{"href":"https:\/\/rocens.com\/pt\/wp-json\/wp\/v2\/pages"}],"about":[{"href":"https:\/\/rocens.com\/pt\/wp-json\/wp\/v2\/types\/page"}],"author":[{"embeddable":true,"href":"https:\/\/rocens.com\/pt\/wp-json\/wp\/v2\/users\/5"}],"replies":[{"embeddable":true,"href":"https:\/\/rocens.com\/pt\/wp-json\/wp\/v2\/comments?post=2826"}],"version-history":[{"count":12,"href":"https:\/\/rocens.com\/pt\/wp-json\/wp\/v2\/pages\/2826\/revisions"}],"predecessor-version":[{"id":3372,"href":"https:\/\/rocens.com\/pt\/wp-json\/wp\/v2\/pages\/2826\/revisions\/3372"}],"wp:attachment":[{"href":"https:\/\/rocens.com\/pt\/wp-json\/wp\/v2\/media?parent=2826"}],"curies":[{"name":"wp","href":"https:\/\/api.w.org\/{rel}","templated":true}]}}