{"id":2823,"date":"2024-10-16T11:55:12","date_gmt":"2024-10-16T10:55:12","guid":{"rendered":"https:\/\/rocens.com\/en1\/"},"modified":"2024-12-23T14:22:34","modified_gmt":"2024-12-23T14:22:34","slug":"sourcing-procurement","status":"publish","type":"page","link":"https:\/\/rocens.com\/pt\/sourcing-procurement\/","title":{"rendered":"Fornecimento e Aquisi\u00e7\u00e3o"},"content":{"rendered":"\n<p>O Fornecimento e Aquisi\u00e7\u00e3o s\u00e3o processos cr\u00edticos na gest\u00e3o da cadeia de abastecimento que garantem que uma empresa adquire os bens e servi\u00e7os necess\u00e1rios de forma eficiente e econ\u00f3mica.<\/p>\n\n\n\n<p><strong>Fornecimento<\/strong>: Este \u00e9 o processo estrat\u00e9gico de identificar, avaliar e selecionar fornecedores para fornecer os bens e servi\u00e7os necess\u00e1rios a uma organiza\u00e7\u00e3o. As atividades principais incluem:<\/p>\n\n\n\n<ul class=\"wp-block-list\">\n<li><strong>Pesquisa de Mercado<\/strong>: An\u00e1lise das condi\u00e7\u00f5es de mercado e dos potenciais fornecedores.<\/li>\n\n\n\n<li><strong>Avalia\u00e7\u00e3o de Fornecedores<\/strong>: Avalia\u00e7\u00e3o dos fornecedores com base na qualidade, fiabilidade e custo.<\/li>\n\n\n\n<li><strong>Negocia\u00e7\u00e3o<\/strong>: Garantir termos e condi\u00e7\u00f5es favor\u00e1veis.<\/li>\n\n\n\n<li><strong>Gest\u00e3o de Contratos<\/strong>: Estabelecimento e manuten\u00e7\u00e3o de acordos com fornecedores.<\/li>\n<\/ul>\n\n\n\n<p><strong>Aquisi\u00e7\u00e3o<\/strong>: Este \u00e9 o processo operacional de aquisi\u00e7\u00e3o de bens e servi\u00e7os. Envolve:<\/p>\n\n\n\n<ul class=\"wp-block-list\">\n<li><strong>Emiss\u00e3o de Pedidos de Compra<\/strong>: Emiss\u00e3o de pedidos aos fornecedores.<\/li>\n\n\n\n<li><strong>Rece\u00e7\u00e3o<\/strong>: Garantir a entrega de bens e servi\u00e7os.<\/li>\n\n\n\n<li><strong>Processamento de Pagamentos<\/strong>: Gest\u00e3o de faturas e pagamentos.<\/li>\n\n\n\n<li><strong>Gest\u00e3o de Relacionamento com Fornecedores<\/strong>: Manuten\u00e7\u00e3o de rela\u00e7\u00f5es cont\u00ednuas com os fornecedores para garantir um fornecimento cont\u00ednuo e desempenho.<\/li>\n<\/ul>\n\n\n\n<p>Juntos, o Fornecimento e Aquisi\u00e7\u00e3o ajudam a construir uma cadeia de abastecimento robusta, minimizar custos e garantir que o projeto tem os materiais e servi\u00e7os necess\u00e1rios para funcionar de forma eficaz e eficiente.<\/p>\n","protected":false},"excerpt":{"rendered":"<p>O Fornecimento e Aquisi\u00e7\u00e3o s\u00e3o processos cr\u00edticos na gest\u00e3o da cadeia de abastecimento que garantem que uma empresa adquire os bens e servi\u00e7os necess\u00e1rios de forma eficiente e econ\u00f3mica. Fornecimento: Este \u00e9 o processo estrat\u00e9gico de identificar, avaliar e selecionar fornecedores para fornecer os bens e servi\u00e7os necess\u00e1rios a uma organiza\u00e7\u00e3o. As atividades principais incluem:&hellip; <br \/> <a class=\"read-more\" href=\"https:\/\/rocens.com\/pt\/sourcing-procurement\/\">Read more<\/a><\/p>\n","protected":false},"author":5,"featured_media":0,"parent":0,"menu_order":0,"comment_status":"closed","ping_status":"closed","template":"page-templates\/page-with-right-sidebar.php","meta":{"_coblocks_attr":"","_coblocks_dimensions":"","_coblocks_responsive_height":"","_coblocks_accordion_ie_support":"","om_disable_all_campaigns":false,"_monsterinsights_skip_tracking":false,"_monsterinsights_sitenote_active":false,"_monsterinsights_sitenote_note":"","_monsterinsights_sitenote_category":0,"footnotes":""},"class_list":["post-2823","page","type-page","status-publish","hentry"],"aioseo_notices":[],"_links":{"self":[{"href":"https:\/\/rocens.com\/pt\/wp-json\/wp\/v2\/pages\/2823","targetHints":{"allow":["GET"]}}],"collection":[{"href":"https:\/\/rocens.com\/pt\/wp-json\/wp\/v2\/pages"}],"about":[{"href":"https:\/\/rocens.com\/pt\/wp-json\/wp\/v2\/types\/page"}],"author":[{"embeddable":true,"href":"https:\/\/rocens.com\/pt\/wp-json\/wp\/v2\/users\/5"}],"replies":[{"embeddable":true,"href":"https:\/\/rocens.com\/pt\/wp-json\/wp\/v2\/comments?post=2823"}],"version-history":[{"count":6,"href":"https:\/\/rocens.com\/pt\/wp-json\/wp\/v2\/pages\/2823\/revisions"}],"predecessor-version":[{"id":3344,"href":"https:\/\/rocens.com\/pt\/wp-json\/wp\/v2\/pages\/2823\/revisions\/3344"}],"wp:attachment":[{"href":"https:\/\/rocens.com\/pt\/wp-json\/wp\/v2\/media?parent=2823"}],"curies":[{"name":"wp","href":"https:\/\/api.w.org\/{rel}","templated":true}]}}