{"id":2821,"date":"2024-10-16T11:54:33","date_gmt":"2024-10-16T10:54:33","guid":{"rendered":"https:\/\/rocens.com\/en1\/"},"modified":"2024-12-23T14:18:37","modified_gmt":"2024-12-23T14:18:37","slug":"surveys","status":"publish","type":"page","link":"https:\/\/rocens.com\/pt\/surveys\/","title":{"rendered":"Levantamentos e Estudos"},"content":{"rendered":"\n<p>Os levantamentos pr\u00e9-constru\u00e7\u00e3o s\u00e3o essenciais para identificar potenciais desafios e garantir o sucesso a longo prazo dos projetos de constru\u00e7\u00e3o. Estes levantamentos fornecem informa\u00e7\u00f5es cr\u00edticas sobre o local e as suas imedia\u00e7\u00f5es, ajudando a planear e executar o projeto de forma eficiente. Os aspetos principais incluem:<\/p>\n\n\n\n<ul class=\"wp-block-list\">\n<li><strong>Levantamentos Topogr\u00e1ficos<\/strong>: Mapeamento dos contornos do terreno, mudan\u00e7as de eleva\u00e7\u00e3o e caracter\u00edsticas naturais para planear o layout, design e funda\u00e7\u00e3o da estrutura.<\/li>\n\n\n\n<li><strong>Levantamentos de Limites<\/strong>: Defini\u00e7\u00e3o das linhas de propriedade para evitar disputas com propriedades vizinhas e garantir a conformidade com as leis e regulamentos locais de zoneamento.<\/li>\n\n\n\n<li><strong>Levantamentos de Estruturas Existentes<\/strong>: Documenta\u00e7\u00e3o de todos os edif\u00edcios, estradas e estruturas existentes no ou perto do local para garantir a integra\u00e7\u00e3o perfeita com novos desenvolvimentos.<\/li>\n\n\n\n<li><strong>Levantamentos de Utilidades Subterr\u00e2neas<\/strong>: Identifica\u00e7\u00e3o da localiza\u00e7\u00e3o de utilidades subterr\u00e2neas, como linhas de \u00e1gua, esgotos e linhas de g\u00e1s, para fins de seguran\u00e7a e planeamento.<\/li>\n\n\n\n<li><strong>Levantamentos Geot\u00e9cnicos<\/strong>: Avalia\u00e7\u00e3o do tipo de solo, profundidade do len\u00e7ol fre\u00e1tico e padr\u00f5es de drenagem para influenciar a escolha de materiais de constru\u00e7\u00e3o, profundidade da funda\u00e7\u00e3o e solu\u00e7\u00f5es de drenagem.<\/li>\n<\/ul>\n\n\n\n<p>Os levantamentos pr\u00e9-constru\u00e7\u00e3o fornecem uma riqueza de informa\u00e7\u00f5es cruciais para tomar decis\u00f5es informadas, garantir a conformidade legal e antecipar potenciais problemas. A nossa equipa realiza levantamentos rigorosos para estabelecer uma base s\u00f3lida para projetos de constru\u00e7\u00e3o bem-sucedidos.<\/p>\n\n\n\n<p><\/p>\n","protected":false},"excerpt":{"rendered":"<p>Os levantamentos pr\u00e9-constru\u00e7\u00e3o s\u00e3o essenciais para identificar potenciais desafios e garantir o sucesso a longo prazo dos projetos de constru\u00e7\u00e3o. Estes levantamentos fornecem informa\u00e7\u00f5es cr\u00edticas sobre o local e as suas imedia\u00e7\u00f5es, ajudando a planear e executar o projeto de forma eficiente. Os aspetos principais incluem: Os levantamentos pr\u00e9-constru\u00e7\u00e3o fornecem uma riqueza de informa\u00e7\u00f5es cruciais&hellip; <br \/> <a class=\"read-more\" href=\"https:\/\/rocens.com\/pt\/surveys\/\">Read more<\/a><\/p>\n","protected":false},"author":5,"featured_media":0,"parent":0,"menu_order":0,"comment_status":"closed","ping_status":"closed","template":"page-templates\/page-with-right-sidebar.php","meta":{"_coblocks_attr":"","_coblocks_dimensions":"","_coblocks_responsive_height":"","_coblocks_accordion_ie_support":"","om_disable_all_campaigns":false,"_monsterinsights_skip_tracking":false,"_monsterinsights_sitenote_active":false,"_monsterinsights_sitenote_note":"","_monsterinsights_sitenote_category":0,"footnotes":""},"class_list":["post-2821","page","type-page","status-publish","hentry"],"aioseo_notices":[],"_links":{"self":[{"href":"https:\/\/rocens.com\/pt\/wp-json\/wp\/v2\/pages\/2821","targetHints":{"allow":["GET"]}}],"collection":[{"href":"https:\/\/rocens.com\/pt\/wp-json\/wp\/v2\/pages"}],"about":[{"href":"https:\/\/rocens.com\/pt\/wp-json\/wp\/v2\/types\/page"}],"author":[{"embeddable":true,"href":"https:\/\/rocens.com\/pt\/wp-json\/wp\/v2\/users\/5"}],"replies":[{"embeddable":true,"href":"https:\/\/rocens.com\/pt\/wp-json\/wp\/v2\/comments?post=2821"}],"version-history":[{"count":5,"href":"https:\/\/rocens.com\/pt\/wp-json\/wp\/v2\/pages\/2821\/revisions"}],"predecessor-version":[{"id":3340,"href":"https:\/\/rocens.com\/pt\/wp-json\/wp\/v2\/pages\/2821\/revisions\/3340"}],"wp:attachment":[{"href":"https:\/\/rocens.com\/pt\/wp-json\/wp\/v2\/media?parent=2821"}],"curies":[{"name":"wp","href":"https:\/\/api.w.org\/{rel}","templated":true}]}}