{"id":2817,"date":"2024-10-16T11:44:57","date_gmt":"2024-10-16T10:44:57","guid":{"rendered":"https:\/\/rocens.com\/enautomation-electrical-instrumentation\/"},"modified":"2024-12-23T14:16:51","modified_gmt":"2024-12-23T14:16:51","slug":"construction-environmental-permits","status":"publish","type":"page","link":"https:\/\/rocens.com\/pt\/construction-environmental-permits\/","title":{"rendered":"Licen\u00e7as de constru\u00e7\u00e3o e ambientais"},"content":{"rendered":"\n<p>As licen\u00e7as de constru\u00e7\u00e3o e ambientais s\u00e3o essenciais para garantir que os projetos de constru\u00e7\u00e3o cumpram os regulamentos locais, nacionais e europeus. Estas licen\u00e7as ajudam a proteger a sa\u00fade p\u00fablica, a seguran\u00e7a e o ambiente. Os aspetos principais incluem:<\/p>\n\n\n\n<ul class=\"wp-block-list\">\n<li><strong>Licen\u00e7as de Constru\u00e7\u00e3o<\/strong>: Estas s\u00e3o necess\u00e1rias para garantir que os projetos de constru\u00e7\u00e3o cumprem os c\u00f3digos de constru\u00e7\u00e3o, leis de zoneamento e regulamentos de seguran\u00e7a. Tipicamente incluem:\n<ul class=\"wp-block-list\">\n<li><strong>Licen\u00e7as de Constru\u00e7\u00e3o<\/strong>: Para a constru\u00e7\u00e3o, altera\u00e7\u00e3o ou demoli\u00e7\u00e3o de edif\u00edcios.<\/li>\n\n\n\n<li><strong>Licen\u00e7as El\u00e9tricas, de Canaliza\u00e7\u00e3o e Mec\u00e2nicas<\/strong>: Para sistemas espec\u00edficos dentro de um edif\u00edcio, como sistemas de ar comprimido.<\/li>\n<\/ul>\n<\/li>\n\n\n\n<li><strong>Licen\u00e7as Ambientais<\/strong>: Estas s\u00e3o necess\u00e1rias para garantir que as atividades de constru\u00e7\u00e3o n\u00e3o prejudicam o ambiente. Tipicamente incluem:\n<ul class=\"wp-block-list\">\n<li><strong>Licen\u00e7as de Qualidade do Ar<\/strong>: Para controlar as emiss\u00f5es das atividades de constru\u00e7\u00e3o.<\/li>\n\n\n\n<li><strong>Licen\u00e7as de Qualidade da \u00c1gua<\/strong>: Para gerir o escoamento de \u00e1guas pluviais e proteger os corpos de \u00e1gua.<\/li>\n\n\n\n<li><strong>Licen\u00e7as de Gest\u00e3o de Res\u00edduos<\/strong>: Para a elimina\u00e7\u00e3o adequada de res\u00edduos de constru\u00e7\u00e3o e materiais perigosos.<\/li>\n<\/ul>\n<\/li>\n<\/ul>\n\n\n\n<p>A obten\u00e7\u00e3o das licen\u00e7as necess\u00e1rias envolve a submiss\u00e3o de planos detalhados e documenta\u00e7\u00e3o \u00e0s autoridades relevantes e pode requerer inspe\u00e7\u00f5es e aprova\u00e7\u00f5es em v\u00e1rias fases do projeto.<\/p>\n","protected":false},"excerpt":{"rendered":"<p>As licen\u00e7as de constru\u00e7\u00e3o e ambientais s\u00e3o essenciais para garantir que os projetos de constru\u00e7\u00e3o cumpram os regulamentos locais, nacionais e europeus. Estas licen\u00e7as ajudam a proteger a sa\u00fade p\u00fablica, a seguran\u00e7a e o ambiente. Os aspetos principais incluem: A obten\u00e7\u00e3o das licen\u00e7as necess\u00e1rias envolve a submiss\u00e3o de planos detalhados e documenta\u00e7\u00e3o \u00e0s autoridades relevantes&hellip; <br \/> <a class=\"read-more\" href=\"https:\/\/rocens.com\/pt\/construction-environmental-permits\/\">Read more<\/a><\/p>\n","protected":false},"author":5,"featured_media":0,"parent":0,"menu_order":0,"comment_status":"closed","ping_status":"closed","template":"page-templates\/page-with-right-sidebar.php","meta":{"_coblocks_attr":"","_coblocks_dimensions":"","_coblocks_responsive_height":"","_coblocks_accordion_ie_support":"","om_disable_all_campaigns":false,"_monsterinsights_skip_tracking":false,"_monsterinsights_sitenote_active":false,"_monsterinsights_sitenote_note":"","_monsterinsights_sitenote_category":0,"footnotes":""},"class_list":["post-2817","page","type-page","status-publish","hentry"],"aioseo_notices":[],"_links":{"self":[{"href":"https:\/\/rocens.com\/pt\/wp-json\/wp\/v2\/pages\/2817","targetHints":{"allow":["GET"]}}],"collection":[{"href":"https:\/\/rocens.com\/pt\/wp-json\/wp\/v2\/pages"}],"about":[{"href":"https:\/\/rocens.com\/pt\/wp-json\/wp\/v2\/types\/page"}],"author":[{"embeddable":true,"href":"https:\/\/rocens.com\/pt\/wp-json\/wp\/v2\/users\/5"}],"replies":[{"embeddable":true,"href":"https:\/\/rocens.com\/pt\/wp-json\/wp\/v2\/comments?post=2817"}],"version-history":[{"count":5,"href":"https:\/\/rocens.com\/pt\/wp-json\/wp\/v2\/pages\/2817\/revisions"}],"predecessor-version":[{"id":3339,"href":"https:\/\/rocens.com\/pt\/wp-json\/wp\/v2\/pages\/2817\/revisions\/3339"}],"wp:attachment":[{"href":"https:\/\/rocens.com\/pt\/wp-json\/wp\/v2\/media?parent=2817"}],"curies":[{"name":"wp","href":"https:\/\/api.w.org\/{rel}","templated":true}]}}