{"id":2815,"date":"2024-10-16T11:43:07","date_gmt":"2024-10-16T10:43:07","guid":{"rendered":"https:\/\/rocens.com\/enautomation-electrical-instrumentation\/"},"modified":"2024-12-23T14:13:47","modified_gmt":"2024-12-23T14:13:47","slug":"sustainability","status":"publish","type":"page","link":"https:\/\/rocens.com\/pt\/sustainability\/","title":{"rendered":"Sustentabilidade"},"content":{"rendered":"\n<p>O design e a engenharia sustent\u00e1veis focam-se na cria\u00e7\u00e3o de projetos que sejam ambientalmente respons\u00e1veis, economicamente vi\u00e1veis e socialmente ben\u00e9ficos. Esta abordagem garante que as necessidades do presente sejam atendidas sem comprometer a capacidade das gera\u00e7\u00f5es futuras de atender \u00e0s suas pr\u00f3prias necessidades. Os aspetos principais incluem:<\/p>\n\n\n\n<ul class=\"wp-block-list\">\n<li><strong>Design Sustent\u00e1vel<\/strong>: Incorpora\u00e7\u00e3o de considera\u00e7\u00f5es ambientais no processo de design para minimizar impactos negativos. Isto inclui:\n<ul class=\"wp-block-list\">\n<li><strong>Sele\u00e7\u00e3o de Materiais<\/strong>: Utiliza\u00e7\u00e3o de materiais renov\u00e1veis, reciclados ou de baixo impacto.<\/li>\n\n\n\n<li><strong>Efici\u00eancia Energ\u00e9tica<\/strong>: Design de sistemas e estruturas que reduzam o consumo de energia.<\/li>\n\n\n\n<li><strong>Redu\u00e7\u00e3o de Res\u00edduos<\/strong>: Implementa\u00e7\u00e3o de estrat\u00e9gias para minimizar res\u00edduos durante a constru\u00e7\u00e3o e ao longo do ciclo de vida do projeto.<\/li>\n<\/ul>\n<\/li>\n\n\n\n<li><strong>Engenharia Sustent\u00e1vel<\/strong>: Desenvolvimento e implementa\u00e7\u00e3o de solu\u00e7\u00f5es de engenharia que promovam a sustentabilidade. Isto inclui:\n<ul class=\"wp-block-list\">\n<li><strong>Gest\u00e3o de Recursos<\/strong>: Utiliza\u00e7\u00e3o eficiente de recursos naturais para reduzir a sua deple\u00e7\u00e3o e impacto ambiental.<\/li>\n\n\n\n<li><strong>Controlo da Polui\u00e7\u00e3o<\/strong>: Design de sistemas que minimizem emiss\u00f5es e gerem res\u00edduos de forma eficaz.<\/li>\n\n\n\n<li><strong>Avalia\u00e7\u00e3o do Ciclo de Vida<\/strong>: Avalia\u00e7\u00e3o do impacto ambiental de um projeto desde a sua conce\u00e7\u00e3o at\u00e9 \u00e0 desativa\u00e7\u00e3o.<\/li>\n<\/ul>\n<\/li>\n<\/ul>\n\n\n\n<p>Ao integrar a sustentabilidade nas pr\u00e1ticas de design e engenharia, podemos criar projetos que n\u00e3o s\u00f3 atendem \u00e0s necessidades atuais, mas tamb\u00e9m contribuem para um futuro mais saud\u00e1vel e sustent\u00e1vel.<\/p>\n","protected":false},"excerpt":{"rendered":"<p>O design e a engenharia sustent\u00e1veis focam-se na cria\u00e7\u00e3o de projetos que sejam ambientalmente respons\u00e1veis, economicamente vi\u00e1veis e socialmente ben\u00e9ficos. Esta abordagem garante que as necessidades do presente sejam atendidas sem comprometer a capacidade das gera\u00e7\u00f5es futuras de atender \u00e0s suas pr\u00f3prias necessidades. Os aspetos principais incluem: Ao integrar a sustentabilidade nas pr\u00e1ticas de design&hellip; <br \/> <a class=\"read-more\" href=\"https:\/\/rocens.com\/pt\/sustainability\/\">Read more<\/a><\/p>\n","protected":false},"author":5,"featured_media":0,"parent":0,"menu_order":0,"comment_status":"closed","ping_status":"closed","template":"page-templates\/page-with-right-sidebar.php","meta":{"_coblocks_attr":"","_coblocks_dimensions":"","_coblocks_responsive_height":"","_coblocks_accordion_ie_support":"","om_disable_all_campaigns":false,"_monsterinsights_skip_tracking":false,"_monsterinsights_sitenote_active":false,"_monsterinsights_sitenote_note":"","_monsterinsights_sitenote_category":0,"footnotes":""},"class_list":["post-2815","page","type-page","status-publish","hentry"],"aioseo_notices":[],"_links":{"self":[{"href":"https:\/\/rocens.com\/pt\/wp-json\/wp\/v2\/pages\/2815","targetHints":{"allow":["GET"]}}],"collection":[{"href":"https:\/\/rocens.com\/pt\/wp-json\/wp\/v2\/pages"}],"about":[{"href":"https:\/\/rocens.com\/pt\/wp-json\/wp\/v2\/types\/page"}],"author":[{"embeddable":true,"href":"https:\/\/rocens.com\/pt\/wp-json\/wp\/v2\/users\/5"}],"replies":[{"embeddable":true,"href":"https:\/\/rocens.com\/pt\/wp-json\/wp\/v2\/comments?post=2815"}],"version-history":[{"count":5,"href":"https:\/\/rocens.com\/pt\/wp-json\/wp\/v2\/pages\/2815\/revisions"}],"predecessor-version":[{"id":3337,"href":"https:\/\/rocens.com\/pt\/wp-json\/wp\/v2\/pages\/2815\/revisions\/3337"}],"wp:attachment":[{"href":"https:\/\/rocens.com\/pt\/wp-json\/wp\/v2\/media?parent=2815"}],"curies":[{"name":"wp","href":"https:\/\/api.w.org\/{rel}","templated":true}]}}