{"id":2813,"date":"2024-10-16T11:42:01","date_gmt":"2024-10-16T10:42:01","guid":{"rendered":"https:\/\/rocens.com\/enautomation-electrical-instrumentation\/"},"modified":"2024-12-23T14:11:17","modified_gmt":"2024-12-23T14:11:17","slug":"clean-utilities","status":"publish","type":"page","link":"https:\/\/rocens.com\/pt\/clean-utilities\/","title":{"rendered":"Instala\u00e7\u00f5es Mec\u00e2nicas Especiais"},"content":{"rendered":"\n<p>As Instala\u00e7\u00f5es Mec\u00e2nicas Especiais s\u00e3o sistemas essenciais que fornecem recursos de alta pureza necess\u00e1rios para v\u00e1rios processos de fabrica\u00e7\u00e3o, particularmente em ind\u00fastrias como a farmac\u00eautica, biotecnologia e alimentos e bebidas. Estas utilidades garantem que o ambiente de produ\u00e7\u00e3o cumpra rigorosos padr\u00f5es de qualidade e seguran\u00e7a. Os aspetos principais incluem:<\/p>\n\n\n\n<ul class=\"wp-block-list\">\n<li><strong>\u00c1gua Purificada (PW)<\/strong>: \u00c1gua que foi tratada para remover impurezas, tornando-a adequada para uso em processos de fabrica\u00e7\u00e3o sens\u00edveis.<\/li>\n\n\n\n<li><strong>\u00c1gua para Inje\u00e7\u00e3o (WFI)<\/strong>: \u00c1gua altamente purificada usada na produ\u00e7\u00e3o de medicamentos injet\u00e1veis, cumprindo rigorosos padr\u00f5es regulamentares.<\/li>\n\n\n\n<li><strong>Vapor Limpo<\/strong>: Vapor livre de contaminantes, usado para esteriliza\u00e7\u00e3o e outros processos cr\u00edticos.<\/li>\n\n\n\n<li><strong>Ar Comprimido Limpo<\/strong>: Ar que foi filtrado e purificado para remover part\u00edculas, \u00f3leo e humidade, usado em v\u00e1rias aplica\u00e7\u00f5es de fabrica\u00e7\u00e3o.<\/li>\n\n\n\n<li><strong>Gases de Processo<\/strong>: Gases de alta pureza, como nitrog\u00e9nio e oxig\u00e9nio, usados em processos de produ\u00e7\u00e3o para garantir a qualidade e seguran\u00e7a do produto.<\/li>\n<\/ul>\n\n\n\n<p>Estas utilidades limpas s\u00e3o cruciais para manter a integridade e qualidade dos produtos, garantir a conformidade com os padr\u00f5es regulamentares e apoiar a efici\u00eancia geral das opera\u00e7\u00f5es industriais.<\/p>\n\n\n\n<p>A nossa equipa \u00e9 especializada no design, instala\u00e7\u00e3o e manuten\u00e7\u00e3o de sistemas de utilidades limpas industriais que cumprem os mais altos padr\u00f5es de pureza e fiabilidade.<\/p>\n\n\n\n<p><\/p>\n","protected":false},"excerpt":{"rendered":"<p>As Instala\u00e7\u00f5es Mec\u00e2nicas Especiais s\u00e3o sistemas essenciais que fornecem recursos de alta pureza necess\u00e1rios para v\u00e1rios processos de fabrica\u00e7\u00e3o, particularmente em ind\u00fastrias como a farmac\u00eautica, biotecnologia e alimentos e bebidas. Estas utilidades garantem que o ambiente de produ\u00e7\u00e3o cumpra rigorosos padr\u00f5es de qualidade e seguran\u00e7a. Os aspetos principais incluem: Estas utilidades limpas s\u00e3o cruciais para&hellip; <br \/> <a class=\"read-more\" href=\"https:\/\/rocens.com\/pt\/clean-utilities\/\">Read more<\/a><\/p>\n","protected":false},"author":5,"featured_media":0,"parent":0,"menu_order":0,"comment_status":"closed","ping_status":"closed","template":"page-templates\/page-with-right-sidebar.php","meta":{"_coblocks_attr":"","_coblocks_dimensions":"","_coblocks_responsive_height":"","_coblocks_accordion_ie_support":"","om_disable_all_campaigns":false,"_monsterinsights_skip_tracking":false,"_monsterinsights_sitenote_active":false,"_monsterinsights_sitenote_note":"","_monsterinsights_sitenote_category":0,"footnotes":""},"class_list":["post-2813","page","type-page","status-publish","hentry"],"aioseo_notices":[],"_links":{"self":[{"href":"https:\/\/rocens.com\/pt\/wp-json\/wp\/v2\/pages\/2813","targetHints":{"allow":["GET"]}}],"collection":[{"href":"https:\/\/rocens.com\/pt\/wp-json\/wp\/v2\/pages"}],"about":[{"href":"https:\/\/rocens.com\/pt\/wp-json\/wp\/v2\/types\/page"}],"author":[{"embeddable":true,"href":"https:\/\/rocens.com\/pt\/wp-json\/wp\/v2\/users\/5"}],"replies":[{"embeddable":true,"href":"https:\/\/rocens.com\/pt\/wp-json\/wp\/v2\/comments?post=2813"}],"version-history":[{"count":7,"href":"https:\/\/rocens.com\/pt\/wp-json\/wp\/v2\/pages\/2813\/revisions"}],"predecessor-version":[{"id":3336,"href":"https:\/\/rocens.com\/pt\/wp-json\/wp\/v2\/pages\/2813\/revisions\/3336"}],"wp:attachment":[{"href":"https:\/\/rocens.com\/pt\/wp-json\/wp\/v2\/media?parent=2813"}],"curies":[{"name":"wp","href":"https:\/\/api.w.org\/{rel}","templated":true}]}}