{"id":2811,"date":"2024-10-16T11:40:49","date_gmt":"2024-10-16T10:40:49","guid":{"rendered":"https:\/\/rocens.com\/enautomation-electrical-instrumentation\/"},"modified":"2024-12-23T14:05:54","modified_gmt":"2024-12-23T14:05:54","slug":"black-utilities","status":"publish","type":"page","link":"https:\/\/rocens.com\/pt\/black-utilities\/","title":{"rendered":"Instala\u00e7\u00f5es Mec\u00e2nicas"},"content":{"rendered":"\n<p>As instala\u00e7\u00f5es mec\u00e2nicas referem-se a sistemas de suporte essenciais que n\u00e3o est\u00e3o diretamente envolvidos no processo de produ\u00e7\u00e3o, mas s\u00e3o cruciais para a opera\u00e7\u00e3o e efici\u00eancia geral das instala\u00e7\u00f5es industriais. Estas utilidades garantem que os processos de produ\u00e7\u00e3o prim\u00e1rios funcionem de forma suave e segura. Os aspetos principais incluem:<\/p>\n\n\n\n<ul class=\"wp-block-list\">\n<li><strong>Sistemas de Vapor<\/strong>: Fornecimento de vapor para aquecimento, esteriliza\u00e7\u00e3o e outros processos industriais.<\/li>\n\n\n\n<li><strong>Sistemas de Ar Comprimido<\/strong>: Fornecimento de ar comprimido para v\u00e1rias aplica\u00e7\u00f5es, incluindo o acionamento de ferramentas e equipamentos pneum\u00e1ticos.<\/li>\n\n\n\n<li><strong>Sistemas de Arrefecimento<\/strong>: Gest\u00e3o da temperatura de equipamentos e processos atrav\u00e9s de \u00e1gua refrigerada ou outros meios de arrefecimento.<\/li>\n\n\n\n<li><strong>Sistemas de Aquecimento<\/strong>: Gest\u00e3o da temperatura de equipamentos e processos atrav\u00e9s de meios de \u00e1gua quente.<\/li>\n\n\n\n<li><strong>Sistemas de G\u00e1s<\/strong>: Fornecimento de gases industriais como nitrog\u00e9nio, oxig\u00e9nio e di\u00f3xido de carbono para v\u00e1rios processos.<\/li>\n<\/ul>\n\n\n\n<p>Estas utilidades s\u00e3o essenciais para manter a efici\u00eancia, seguran\u00e7a e conformidade das opera\u00e7\u00f5es industriais. A nossa equipa \u00e9 especializada no design, instala\u00e7\u00e3o e manuten\u00e7\u00e3o de sistemas de utilidades negras robustos que apoiam a opera\u00e7\u00e3o cont\u00ednua da sua instala\u00e7\u00e3o industrial.<\/p>\n","protected":false},"excerpt":{"rendered":"<p>As instala\u00e7\u00f5es mec\u00e2nicas referem-se a sistemas de suporte essenciais que n\u00e3o est\u00e3o diretamente envolvidos no processo de produ\u00e7\u00e3o, mas s\u00e3o cruciais para a opera\u00e7\u00e3o e efici\u00eancia geral das instala\u00e7\u00f5es industriais. Estas utilidades garantem que os processos de produ\u00e7\u00e3o prim\u00e1rios funcionem de forma suave e segura. Os aspetos principais incluem: Estas utilidades s\u00e3o essenciais para manter&hellip; <br \/> <a class=\"read-more\" href=\"https:\/\/rocens.com\/pt\/black-utilities\/\">Read more<\/a><\/p>\n","protected":false},"author":5,"featured_media":0,"parent":0,"menu_order":0,"comment_status":"closed","ping_status":"closed","template":"page-templates\/page-with-right-sidebar.php","meta":{"_coblocks_attr":"","_coblocks_dimensions":"","_coblocks_responsive_height":"","_coblocks_accordion_ie_support":"","om_disable_all_campaigns":false,"_monsterinsights_skip_tracking":false,"_monsterinsights_sitenote_active":false,"_monsterinsights_sitenote_note":"","_monsterinsights_sitenote_category":0,"footnotes":""},"class_list":["post-2811","page","type-page","status-publish","hentry"],"aioseo_notices":[],"_links":{"self":[{"href":"https:\/\/rocens.com\/pt\/wp-json\/wp\/v2\/pages\/2811","targetHints":{"allow":["GET"]}}],"collection":[{"href":"https:\/\/rocens.com\/pt\/wp-json\/wp\/v2\/pages"}],"about":[{"href":"https:\/\/rocens.com\/pt\/wp-json\/wp\/v2\/types\/page"}],"author":[{"embeddable":true,"href":"https:\/\/rocens.com\/pt\/wp-json\/wp\/v2\/users\/5"}],"replies":[{"embeddable":true,"href":"https:\/\/rocens.com\/pt\/wp-json\/wp\/v2\/comments?post=2811"}],"version-history":[{"count":8,"href":"https:\/\/rocens.com\/pt\/wp-json\/wp\/v2\/pages\/2811\/revisions"}],"predecessor-version":[{"id":3331,"href":"https:\/\/rocens.com\/pt\/wp-json\/wp\/v2\/pages\/2811\/revisions\/3331"}],"wp:attachment":[{"href":"https:\/\/rocens.com\/pt\/wp-json\/wp\/v2\/media?parent=2811"}],"curies":[{"name":"wp","href":"https:\/\/api.w.org\/{rel}","templated":true}]}}