{"id":2807,"date":"2024-10-16T11:36:01","date_gmt":"2024-10-16T10:36:01","guid":{"rendered":"https:\/\/rocens.com\/enautomation-electrical-instrumentation\/"},"modified":"2024-12-23T13:58:08","modified_gmt":"2024-12-23T13:58:08","slug":"fire-protection","status":"publish","type":"page","link":"https:\/\/rocens.com\/pt\/fire-protection\/","title":{"rendered":"Prote\u00e7\u00e3o Contra Inc\u00eandio"},"content":{"rendered":"\n<p>A prote\u00e7\u00e3o contra inc\u00eandios envolve a an\u00e1lise e implementa\u00e7\u00e3o de medidas que podem mitigar os efeitos indesejados de inc\u00eandios potencialmente destrutivos. Abrange v\u00e1rias medidas e sistemas projetados para prevenir, detetar e responder a inc\u00eandios, garantindo a seguran\u00e7a das pessoas, propriedades e do ambiente. Os aspetos principais incluem:<\/p>\n\n\n\n<ul class=\"wp-block-list\">\n<li><strong>Preven\u00e7\u00e3o de Inc\u00eandios<\/strong>: Implementa\u00e7\u00e3o de medidas para reduzir o risco de inc\u00eandio, como armazenamento adequado de materiais inflam\u00e1veis, manuten\u00e7\u00e3o regular de sistemas el\u00e9tricos e cumprimento das normas de seguran\u00e7a.<\/li>\n\n\n\n<li><strong>Dete\u00e7\u00e3o de Inc\u00eandios<\/strong>: Utiliza\u00e7\u00e3o de sistemas como detetores de fumo, sensores de calor e sistemas de alarme para identificar rapidamente a presen\u00e7a de um inc\u00eandio.<\/li>\n\n\n\n<li><strong>Supress\u00e3o de Inc\u00eandios<\/strong>: Emprego de m\u00e9todos e equipamentos como sprinklers, supress\u00e3o de inc\u00eandios por g\u00e1s, extintores de inc\u00eandio e mangueiras de inc\u00eandio para controlar e extinguir inc\u00eandios.<\/li>\n\n\n\n<li><strong>Compartimenta\u00e7\u00e3o de Inc\u00eandios<\/strong>: Projeto de edif\u00edcios com materiais e barreiras resistentes ao fogo para conter inc\u00eandios e prevenir a sua propaga\u00e7\u00e3o.<\/li>\n\n\n\n<li><strong>Resposta de Emerg\u00eancia<\/strong>: Desenvolvimento e pr\u00e1tica de planos de evacua\u00e7\u00e3o, e garantia de que o equipamento de seguran\u00e7a contra inc\u00eandios est\u00e1 acess\u00edvel e funcional.<\/li>\n<\/ul>\n\n\n\n<p>Estrat\u00e9gias eficazes de prote\u00e7\u00e3o contra inc\u00eandios s\u00e3o essenciais para salvaguardar vidas e minimizar danos materiais. A nossa equipa est\u00e1 dedicada a implementar solu\u00e7\u00f5es abrangentes de prote\u00e7\u00e3o contra inc\u00eandios que cumpram todas as normas regulamentares e garantam o mais alto n\u00edvel de seguran\u00e7a.<\/p>\n","protected":false},"excerpt":{"rendered":"<p>A prote\u00e7\u00e3o contra inc\u00eandios envolve a an\u00e1lise e implementa\u00e7\u00e3o de medidas que podem mitigar os efeitos indesejados de inc\u00eandios potencialmente destrutivos. Abrange v\u00e1rias medidas e sistemas projetados para prevenir, detetar e responder a inc\u00eandios, garantindo a seguran\u00e7a das pessoas, propriedades e do ambiente. Os aspetos principais incluem: Estrat\u00e9gias eficazes de prote\u00e7\u00e3o contra inc\u00eandios s\u00e3o essenciais&hellip; <br \/> <a class=\"read-more\" href=\"https:\/\/rocens.com\/pt\/fire-protection\/\">Read more<\/a><\/p>\n","protected":false},"author":5,"featured_media":0,"parent":0,"menu_order":0,"comment_status":"closed","ping_status":"closed","template":"page-templates\/page-with-right-sidebar.php","meta":{"_coblocks_attr":"","_coblocks_dimensions":"","_coblocks_responsive_height":"","_coblocks_accordion_ie_support":"","om_disable_all_campaigns":false,"_monsterinsights_skip_tracking":false,"_monsterinsights_sitenote_active":false,"_monsterinsights_sitenote_note":"","_monsterinsights_sitenote_category":0,"footnotes":""},"class_list":["post-2807","page","type-page","status-publish","hentry"],"aioseo_notices":[],"_links":{"self":[{"href":"https:\/\/rocens.com\/pt\/wp-json\/wp\/v2\/pages\/2807","targetHints":{"allow":["GET"]}}],"collection":[{"href":"https:\/\/rocens.com\/pt\/wp-json\/wp\/v2\/pages"}],"about":[{"href":"https:\/\/rocens.com\/pt\/wp-json\/wp\/v2\/types\/page"}],"author":[{"embeddable":true,"href":"https:\/\/rocens.com\/pt\/wp-json\/wp\/v2\/users\/5"}],"replies":[{"embeddable":true,"href":"https:\/\/rocens.com\/pt\/wp-json\/wp\/v2\/comments?post=2807"}],"version-history":[{"count":6,"href":"https:\/\/rocens.com\/pt\/wp-json\/wp\/v2\/pages\/2807\/revisions"}],"predecessor-version":[{"id":3325,"href":"https:\/\/rocens.com\/pt\/wp-json\/wp\/v2\/pages\/2807\/revisions\/3325"}],"wp:attachment":[{"href":"https:\/\/rocens.com\/pt\/wp-json\/wp\/v2\/media?parent=2807"}],"curies":[{"name":"wp","href":"https:\/\/api.w.org\/{rel}","templated":true}]}}