{"id":2805,"date":"2024-10-16T11:31:22","date_gmt":"2024-10-16T10:31:22","guid":{"rendered":"https:\/\/rocens.com\/enautomation-electrical-instrumentation\/"},"modified":"2025-01-01T13:02:17","modified_gmt":"2025-01-01T13:02:17","slug":"plumbing","status":"publish","type":"page","link":"https:\/\/rocens.com\/pt\/plumbing\/","title":{"rendered":"Abastecimento de \u00e1gua e Esgotos"},"content":{"rendered":"<p>Os sistemas de abastecimento de \u00e1gua e esgotos s\u00e3o sistemas vitais em qualquer edif\u00edcio, respons\u00e1veis pela distribui\u00e7\u00e3o de \u00e1gua pot\u00e1vel e pela elimina\u00e7\u00e3o de \u00e1guas residuais. Garante que a \u00e1gua limpa est\u00e1 dispon\u00edvel para beber, para processos industriais e para os processos de limpeza, e que as \u00e1guas res\u00edduais s\u00e3o removidas de forma eficiente. Os aspetos principais incluem:<\/p>\n<ul>\n<li><strong>Sistema de Abastecimento de \u00c1gua<\/strong>: Este sistema traz \u00e1gua pot\u00e1vel para o edif\u00edcio a partir de um abastecimento municipal ou de um po\u00e7o privado. Inclui tubagens, v\u00e1lvulas e acess\u00f3rios que distribuem \u00e1gua para v\u00e1rios pontos de uso, como lavat\u00f3rios, chuveiros e sanitas.<\/li>\n<li><strong>Sistema de Drenagem<\/strong>: Este sistema remove as \u00e1guas residuais do edif\u00edcio. Depende da gravidade para transportar os res\u00edduos atrav\u00e9s de tubagens at\u00e9 um esgoto ou sistema s\u00e9ptico. Componentes chave incluem sif\u00f5es, ventiladores e limpezas para garantir o fluxo adequado e prevenir bloqueios.<\/li>\n<li><strong>Acess\u00f3rios e Equipamentos<\/strong>: Estes incluem torneiras, sanitas, chuveiros e aquecedores de \u00e1gua, que est\u00e3o ligados tanto ao sistema de abastecimento de \u00e1gua quanto ao sistema de drenagem.<\/li>\n<\/ul>\n<p>Sistemas de abastecimento de \u00e1gua e esgotos eficazes s\u00e3o cruciais para manter a higiene, sa\u00fade e conforto em qualquer edif\u00edcio.<\/p>\n<p>A nossa equipa \u00e9 capaz de projetar sistemas de abastecimento de \u00e1gua e esgotos fi\u00e1veis que cumprem todas as normas regulamentares e garantem o mais alto n\u00edvel de funcionalidade.<\/p>\n","protected":false},"excerpt":{"rendered":"<p>Os sistemas de abastecimento de \u00e1gua e esgotos s\u00e3o sistemas vitais em qualquer edif\u00edcio, respons\u00e1veis pela distribui\u00e7\u00e3o de \u00e1gua pot\u00e1vel e pela elimina\u00e7\u00e3o de \u00e1guas residuais. Garante que a \u00e1gua limpa est\u00e1 dispon\u00edvel para beber, para processos industriais e para os processos de limpeza, e que as \u00e1guas res\u00edduais s\u00e3o removidas de forma eficiente. Os&hellip; <br \/> <a class=\"read-more\" href=\"https:\/\/rocens.com\/pt\/plumbing\/\">Read more<\/a><\/p>\n","protected":false},"author":5,"featured_media":0,"parent":0,"menu_order":0,"comment_status":"closed","ping_status":"closed","template":"page-templates\/page-with-right-sidebar.php","meta":{"_coblocks_attr":"","_coblocks_dimensions":"","_coblocks_responsive_height":"","_coblocks_accordion_ie_support":"","om_disable_all_campaigns":false,"_monsterinsights_skip_tracking":false,"_monsterinsights_sitenote_active":false,"_monsterinsights_sitenote_note":"","_monsterinsights_sitenote_category":0,"footnotes":""},"class_list":["post-2805","page","type-page","status-publish","hentry"],"aioseo_notices":[],"_links":{"self":[{"href":"https:\/\/rocens.com\/pt\/wp-json\/wp\/v2\/pages\/2805","targetHints":{"allow":["GET"]}}],"collection":[{"href":"https:\/\/rocens.com\/pt\/wp-json\/wp\/v2\/pages"}],"about":[{"href":"https:\/\/rocens.com\/pt\/wp-json\/wp\/v2\/types\/page"}],"author":[{"embeddable":true,"href":"https:\/\/rocens.com\/pt\/wp-json\/wp\/v2\/users\/5"}],"replies":[{"embeddable":true,"href":"https:\/\/rocens.com\/pt\/wp-json\/wp\/v2\/comments?post=2805"}],"version-history":[{"count":10,"href":"https:\/\/rocens.com\/pt\/wp-json\/wp\/v2\/pages\/2805\/revisions"}],"predecessor-version":[{"id":3380,"href":"https:\/\/rocens.com\/pt\/wp-json\/wp\/v2\/pages\/2805\/revisions\/3380"}],"wp:attachment":[{"href":"https:\/\/rocens.com\/pt\/wp-json\/wp\/v2\/media?parent=2805"}],"curies":[{"name":"wp","href":"https:\/\/api.w.org\/{rel}","templated":true}]}}