{"id":2801,"date":"2024-10-16T11:27:49","date_gmt":"2024-10-16T10:27:49","guid":{"rendered":"https:\/\/rocens.com\/encivil-structural-architectural\/"},"modified":"2024-12-23T13:52:08","modified_gmt":"2024-12-23T13:52:08","slug":"process-architecture","status":"publish","type":"page","link":"https:\/\/rocens.com\/pt\/process-architecture\/","title":{"rendered":"Arquitetura de processo"},"content":{"rendered":"<p>A arquitetura de processos est\u00e1 fortemente ligada aos processos e sistemas da organiza\u00e7\u00e3o, detalhando como interagem e influenciam uns aos outros. \u00c9 essencial para garantir efici\u00eancia, consist\u00eancia e alinhamento com os objetivos empresariais e regulamentares. Os aspetos principais incluem:<\/p>\n<ul>\n<li><strong>Mapeamento de Processos<\/strong>: Cria\u00e7\u00e3o de representa\u00e7\u00f5es visuais dos fluxos de trabalho para entender e otimizar a sequ\u00eancia de atividades.<\/li>\n<li><strong>Integra\u00e7\u00e3o de Sistemas<\/strong>: Garantir que diferentes processos e sistemas funcionem juntos de forma harmoniosa.<\/li>\n<li><strong>Padroniza\u00e7\u00e3o<\/strong>: Estabelecimento de procedimentos uniformes para manter a consist\u00eancia e qualidade em toda a organiza\u00e7\u00e3o.<\/li>\n<li><strong>Monitoriza\u00e7\u00e3o de Desempenho<\/strong>: Acompanhamento e an\u00e1lise do desempenho dos processos para identificar \u00e1reas de melhoria.<\/li>\n<li><strong>Conformidade<\/strong>: Garantir que todos os processos aderem aos regulamentos e normas relevantes.<\/li>\n<\/ul>\n<p>Os benef\u00edcios de uma arquitetura de processos bem definida incluem maior efici\u00eancia e a capacidade de manter uma opera\u00e7\u00e3o em conformidade.<\/p>\n<p>A nossa equipa tem vasta experi\u00eancia em mapear processos e traduzir esses processos em layouts de instala\u00e7\u00f5es que promovem a efici\u00eancia e garantem a conformidade regulamentar.<\/p>\n","protected":false},"excerpt":{"rendered":"<p>A arquitetura de processos est\u00e1 fortemente ligada aos processos e sistemas da organiza\u00e7\u00e3o, detalhando como interagem e influenciam uns aos outros. \u00c9 essencial para garantir efici\u00eancia, consist\u00eancia e alinhamento com os objetivos empresariais e regulamentares. Os aspetos principais incluem: Mapeamento de Processos: Cria\u00e7\u00e3o de representa\u00e7\u00f5es visuais dos fluxos de trabalho para entender e otimizar a&hellip; <br \/> <a class=\"read-more\" href=\"https:\/\/rocens.com\/pt\/process-architecture\/\">Read more<\/a><\/p>\n","protected":false},"author":5,"featured_media":0,"parent":0,"menu_order":0,"comment_status":"closed","ping_status":"closed","template":"page-templates\/page-with-right-sidebar.php","meta":{"_coblocks_attr":"","_coblocks_dimensions":"","_coblocks_responsive_height":"","_coblocks_accordion_ie_support":"","om_disable_all_campaigns":false,"_monsterinsights_skip_tracking":false,"_monsterinsights_sitenote_active":false,"_monsterinsights_sitenote_note":"","_monsterinsights_sitenote_category":0,"footnotes":""},"class_list":["post-2801","page","type-page","status-publish","hentry"],"aioseo_notices":[],"_links":{"self":[{"href":"https:\/\/rocens.com\/pt\/wp-json\/wp\/v2\/pages\/2801","targetHints":{"allow":["GET"]}}],"collection":[{"href":"https:\/\/rocens.com\/pt\/wp-json\/wp\/v2\/pages"}],"about":[{"href":"https:\/\/rocens.com\/pt\/wp-json\/wp\/v2\/types\/page"}],"author":[{"embeddable":true,"href":"https:\/\/rocens.com\/pt\/wp-json\/wp\/v2\/users\/5"}],"replies":[{"embeddable":true,"href":"https:\/\/rocens.com\/pt\/wp-json\/wp\/v2\/comments?post=2801"}],"version-history":[{"count":5,"href":"https:\/\/rocens.com\/pt\/wp-json\/wp\/v2\/pages\/2801\/revisions"}],"predecessor-version":[{"id":3318,"href":"https:\/\/rocens.com\/pt\/wp-json\/wp\/v2\/pages\/2801\/revisions\/3318"}],"wp:attachment":[{"href":"https:\/\/rocens.com\/pt\/wp-json\/wp\/v2\/media?parent=2801"}],"curies":[{"name":"wp","href":"https:\/\/api.w.org\/{rel}","templated":true}]}}