{"id":2799,"date":"2024-10-16T11:26:21","date_gmt":"2024-10-16T10:26:21","guid":{"rendered":"https:\/\/rocens.com\/enconceptual-design-studies\/"},"modified":"2024-12-23T13:49:14","modified_gmt":"2024-12-23T13:49:14","slug":"civil-structural-architectural","status":"publish","type":"page","link":"https:\/\/rocens.com\/pt\/civil-structural-architectural\/","title":{"rendered":"Civil, Estrutural e Arquitetura"},"content":{"rendered":"<p>A engenharia civil e estrutural, combinada com a arquitetura, s\u00e3o disciplinas chave dentro do campo mais amplo da engenharia, focando-se no design, constru\u00e7\u00e3o e manuten\u00e7\u00e3o de infraestruturas e edif\u00edcios.<\/p>\n<p><strong>Engenharia Civil<\/strong>: Este \u00e9 um campo amplo dedicado ao design, constru\u00e7\u00e3o e manuten\u00e7\u00e3o do ambiente constru\u00eddo. Os engenheiros civis trabalham numa vasta gama de projetos, incluindo estradas, pontes, barragens, aeroportos e sistemas de abastecimento de \u00e1gua. As suas responsabilidades incluem:<\/p>\n<ul>\n<li><strong>Investiga\u00e7\u00f5es de Local<\/strong>: Avalia\u00e7\u00e3o da adequa\u00e7\u00e3o dos locais para constru\u00e7\u00e3o.<\/li>\n<li><strong>Estudos de Viabilidade<\/strong>: Avalia\u00e7\u00e3o da viabilidade pr\u00e1tica e financeira dos projetos.<\/li>\n<li><strong>Design e An\u00e1lise<\/strong>: Cria\u00e7\u00e3o de planos detalhados e garantia de que as estruturas cumprem os padr\u00f5es de seguran\u00e7a e desempenho.<\/li>\n<li><strong>Gest\u00e3o da Constru\u00e7\u00e3o<\/strong>: Supervis\u00e3o do processo de constru\u00e7\u00e3o para garantir que segue os planos e regulamentos.<\/li>\n<li><strong>Manuten\u00e7\u00e3o<\/strong>: Garantia da longevidade e funcionalidade das infraestruturas.<\/li>\n<\/ul>\n<p><strong>Engenharia Estrutural<\/strong>: Um ramo especializado dentro da engenharia civil, a engenharia estrutural foca-se no design e an\u00e1lise de estruturas para garantir que podem suportar v\u00e1rias cargas e for\u00e7as. Os engenheiros estruturais s\u00e3o respons\u00e1veis por:<\/p>\n<ul>\n<li><strong>An\u00e1lise de Cargas<\/strong>: Avalia\u00e7\u00e3o das for\u00e7as que as estruturas ir\u00e3o enfrentar, como vento, gravidade e atividade s\u00edsmica.<\/li>\n<li><strong>Sele\u00e7\u00e3o de Materiais<\/strong>: Escolha de materiais apropriados como a\u00e7o, bet\u00e3o e madeira para garantir for\u00e7a e estabilidade.<\/li>\n<li><strong>Design de Elementos Estruturais<\/strong>: Cria\u00e7\u00e3o de componentes como vigas, colunas e funda\u00e7\u00f5es que suportam e estabilizam as estruturas.<\/li>\n<li><strong>Seguran\u00e7a e Conformidade<\/strong>: Garantia de que as estruturas cumprem todos os padr\u00f5es de seguran\u00e7a e requisitos regulamentares.<\/li>\n<\/ul>\n<p><strong>Arquitetura<\/strong>:<\/p>\n<ul>\n<li><strong>Design Inovador<\/strong>: Utiliza\u00e7\u00e3o de tecnologia de ponta para atender \u00e0s necessidades \u00fanicas dos clientes.<\/li>\n<li><strong>Sustentabilidade<\/strong>: Integra\u00e7\u00e3o de materiais ecol\u00f3gicos e sistemas energeticamente eficientes.<\/li>\n<li><strong>Colabora\u00e7\u00e3o<\/strong>: Trabalho pr\u00f3ximo com engenheiros, empreiteiros e clientes para uma entrega de projetos sem falhas.<\/li>\n<li><strong>Prepara\u00e7\u00e3o para o Futuro<\/strong>: Manter-se \u00e0 frente das tend\u00eancias da ind\u00fastria com designs adapt\u00e1veis e resilientes.<\/li>\n<\/ul>\n<p>Juntos, engenheiros civis\/estruturais e arquitetos impulsionam a funcionalidade, est\u00e9tica e requisitos dos clientes no design de edif\u00edcios. Todos desempenham um papel crucial no desenvolvimento de infraestruturas seguras, eficientes e sustent\u00e1veis que apoiam a sociedade moderna.<\/p>\n","protected":false},"excerpt":{"rendered":"<p>A engenharia civil e estrutural, combinada com a arquitetura, s\u00e3o disciplinas chave dentro do campo mais amplo da engenharia, focando-se no design, constru\u00e7\u00e3o e manuten\u00e7\u00e3o de infraestruturas e edif\u00edcios. Engenharia Civil: Este \u00e9 um campo amplo dedicado ao design, constru\u00e7\u00e3o e manuten\u00e7\u00e3o do ambiente constru\u00eddo. Os engenheiros civis trabalham numa vasta gama de projetos, incluindo&hellip; <br \/> <a class=\"read-more\" href=\"https:\/\/rocens.com\/pt\/civil-structural-architectural\/\">Read more<\/a><\/p>\n","protected":false},"author":5,"featured_media":0,"parent":0,"menu_order":0,"comment_status":"closed","ping_status":"closed","template":"page-templates\/page-with-right-sidebar.php","meta":{"_coblocks_attr":"","_coblocks_dimensions":"","_coblocks_responsive_height":"","_coblocks_accordion_ie_support":"","om_disable_all_campaigns":false,"_monsterinsights_skip_tracking":false,"_monsterinsights_sitenote_active":false,"_monsterinsights_sitenote_note":"","_monsterinsights_sitenote_category":0,"footnotes":""},"class_list":["post-2799","page","type-page","status-publish","hentry"],"aioseo_notices":[],"_links":{"self":[{"href":"https:\/\/rocens.com\/pt\/wp-json\/wp\/v2\/pages\/2799","targetHints":{"allow":["GET"]}}],"collection":[{"href":"https:\/\/rocens.com\/pt\/wp-json\/wp\/v2\/pages"}],"about":[{"href":"https:\/\/rocens.com\/pt\/wp-json\/wp\/v2\/types\/page"}],"author":[{"embeddable":true,"href":"https:\/\/rocens.com\/pt\/wp-json\/wp\/v2\/users\/5"}],"replies":[{"embeddable":true,"href":"https:\/\/rocens.com\/pt\/wp-json\/wp\/v2\/comments?post=2799"}],"version-history":[{"count":9,"href":"https:\/\/rocens.com\/pt\/wp-json\/wp\/v2\/pages\/2799\/revisions"}],"predecessor-version":[{"id":3315,"href":"https:\/\/rocens.com\/pt\/wp-json\/wp\/v2\/pages\/2799\/revisions\/3315"}],"wp:attachment":[{"href":"https:\/\/rocens.com\/pt\/wp-json\/wp\/v2\/media?parent=2799"}],"curies":[{"name":"wp","href":"https:\/\/api.w.org\/{rel}","templated":true}]}}