{"id":2768,"date":"2024-10-15T14:56:00","date_gmt":"2024-10-15T13:56:00","guid":{"rendered":"https:\/\/rocens.com\/?page_id=2768"},"modified":"2024-12-23T13:44:31","modified_gmt":"2024-12-23T13:44:31","slug":"facility-licensing-support","status":"publish","type":"page","link":"https:\/\/rocens.com\/pt\/facility-licensing-support\/","title":{"rendered":"Licenciamento de Unidades Industriais"},"content":{"rendered":"\n<p>O suporte para licenciamento de instala\u00e7\u00f5es envolve orientar as organiza\u00e7\u00f5es atrav\u00e9s do complexo processo de obten\u00e7\u00e3o e manuten\u00e7\u00e3o das licen\u00e7as e autoriza\u00e7\u00f5es necess\u00e1rias para as suas opera\u00e7\u00f5es. Isto garante a conformidade com todos os regulamentos e normas relevantes.<\/p>\n\n\n\n<p>Este \u00e9 um processo chave em qualquer nova constru\u00e7\u00e3o ou remodela\u00e7\u00e3o de instala\u00e7\u00f5es existentes para manter a conformidade com os requisitos regulamentares. Os aspetos principais incluem:<\/p>\n\n\n\n<ul class=\"wp-block-list\">\n<li><strong>Orienta\u00e7\u00e3o Regulamentar<\/strong>: Fornecimento de aconselhamento especializado sobre os requisitos espec\u00edficos de licenciamento para diferentes tipos de instala\u00e7\u00f5es.<\/li>\n\n\n\n<li><strong>Assist\u00eancia na Submiss\u00e3o<\/strong>: Ajuda na prepara\u00e7\u00e3o e submiss\u00e3o de toda a documenta\u00e7\u00e3o e candidaturas necess\u00e1rias \u00e0s entidades reguladoras.<\/li>\n\n\n\n<li><strong>Suporte Cont\u00ednuo<\/strong>: Fornecimento de suporte cont\u00ednuo para manter a conformidade, incluindo atualiza\u00e7\u00f5es sobre mudan\u00e7as regulamentares e assist\u00eancia com renova\u00e7\u00f5es.<\/li>\n<\/ul>\n\n\n\n<p>A nossa equipa oferece um suporte abrangente para o licenciamento de instala\u00e7\u00f5es para garantir que as suas opera\u00e7\u00f5es est\u00e3o totalmente conformes e a funcionar sem problemas.<\/p>\n\n\n\n<p><\/p>\n","protected":false},"excerpt":{"rendered":"<p>O suporte para licenciamento de instala\u00e7\u00f5es envolve orientar as organiza\u00e7\u00f5es atrav\u00e9s do complexo processo de obten\u00e7\u00e3o e manuten\u00e7\u00e3o das licen\u00e7as e autoriza\u00e7\u00f5es necess\u00e1rias para as suas opera\u00e7\u00f5es. Isto garante a conformidade com todos os regulamentos e normas relevantes. Este \u00e9 um processo chave em qualquer nova constru\u00e7\u00e3o ou remodela\u00e7\u00e3o de instala\u00e7\u00f5es existentes para manter a&hellip; <br \/> <a class=\"read-more\" href=\"https:\/\/rocens.com\/pt\/facility-licensing-support\/\">Read more<\/a><\/p>\n","protected":false},"author":5,"featured_media":0,"parent":0,"menu_order":0,"comment_status":"closed","ping_status":"closed","template":"page-templates\/page-with-right-sidebar.php","meta":{"_coblocks_attr":"","_coblocks_dimensions":"","_coblocks_responsive_height":"","_coblocks_accordion_ie_support":"","om_disable_all_campaigns":false,"_monsterinsights_skip_tracking":false,"_monsterinsights_sitenote_active":false,"_monsterinsights_sitenote_note":"","_monsterinsights_sitenote_category":0,"footnotes":""},"class_list":["post-2768","page","type-page","status-publish","hentry"],"aioseo_notices":[],"_links":{"self":[{"href":"https:\/\/rocens.com\/pt\/wp-json\/wp\/v2\/pages\/2768","targetHints":{"allow":["GET"]}}],"collection":[{"href":"https:\/\/rocens.com\/pt\/wp-json\/wp\/v2\/pages"}],"about":[{"href":"https:\/\/rocens.com\/pt\/wp-json\/wp\/v2\/types\/page"}],"author":[{"embeddable":true,"href":"https:\/\/rocens.com\/pt\/wp-json\/wp\/v2\/users\/5"}],"replies":[{"embeddable":true,"href":"https:\/\/rocens.com\/pt\/wp-json\/wp\/v2\/comments?post=2768"}],"version-history":[{"count":7,"href":"https:\/\/rocens.com\/pt\/wp-json\/wp\/v2\/pages\/2768\/revisions"}],"predecessor-version":[{"id":3311,"href":"https:\/\/rocens.com\/pt\/wp-json\/wp\/v2\/pages\/2768\/revisions\/3311"}],"wp:attachment":[{"href":"https:\/\/rocens.com\/pt\/wp-json\/wp\/v2\/media?parent=2768"}],"curies":[{"name":"wp","href":"https:\/\/api.w.org\/{rel}","templated":true}]}}