{"id":2767,"date":"2024-10-15T14:58:58","date_gmt":"2024-10-15T13:58:58","guid":{"rendered":"https:\/\/rocens.com\/?page_id=2767"},"modified":"2024-12-23T12:36:25","modified_gmt":"2024-12-23T12:36:25","slug":"risk-and-gap-assessments","status":"publish","type":"page","link":"https:\/\/rocens.com\/pt\/risk-and-gap-assessments\/","title":{"rendered":"An\u00e1lise de risco e de diverg\u00eancias"},"content":{"rendered":"\n<hr class=\"wp-block-separator has-alpha-channel-opacity\"\/>\n\n\n\n<p>As avalia\u00e7\u00f5es de risco e lacunas s\u00e3o ferramentas essenciais para identificar potenciais problemas e \u00e1reas de melhoria dentro de uma organiza\u00e7\u00e3o. Estas avalia\u00e7\u00f5es ajudam a garantir que os processos, sistemas e controlos s\u00e3o eficazes e est\u00e3o alinhados com os objetivos empresariais.<\/p>\n\n\n\n<ul class=\"wp-block-list\">\n<li><strong>Avalia\u00e7\u00e3o de Risco<\/strong>: Este processo envolve identificar, avaliar e priorizar riscos que podem impactar a organiza\u00e7\u00e3o. Os passos principais incluem:\n<ul class=\"wp-block-list\">\n<li><strong>Identifica\u00e7\u00e3o de Riscos<\/strong>: Reconhecimento de potenciais riscos que podem afetar as opera\u00e7\u00f5es.<\/li>\n\n\n\n<li><strong>An\u00e1lise de Riscos<\/strong>: Avalia\u00e7\u00e3o da probabilidade e impacto dos riscos identificados.<\/li>\n\n\n\n<li><strong>Mitiga\u00e7\u00e3o de Riscos<\/strong>: Desenvolvimento de estrat\u00e9gias para gerir e reduzir riscos.<\/li>\n\n\n\n<li><strong>Monitoriza\u00e7\u00e3o e Revis\u00e3o<\/strong>: Monitoriza\u00e7\u00e3o cont\u00ednua dos riscos e da efic\u00e1cia das medidas de mitiga\u00e7\u00e3o.<\/li>\n<\/ul>\n<\/li>\n\n\n\n<li><strong>Avalia\u00e7\u00e3o de Lacunas<\/strong>: Este processo envolve comparar o desempenho ou capacidades atuais com os objetivos ou padr\u00f5es desejados para identificar lacunas. Os passos principais incluem:\n<ul class=\"wp-block-list\">\n<li><strong>An\u00e1lise do Estado Atual<\/strong>: Avalia\u00e7\u00e3o dos processos, sistemas e controlos existentes.<\/li>\n\n\n\n<li><strong>Defini\u00e7\u00e3o do Estado Futuro<\/strong>: Defini\u00e7\u00e3o do desempenho desejado ou padr\u00f5es de conformidade.<\/li>\n\n\n\n<li><strong>Identifica\u00e7\u00e3o de Lacunas<\/strong>: Identifica\u00e7\u00e3o de discrep\u00e2ncias entre o estado atual e o estado futuro.<\/li>\n\n\n\n<li><strong>Planeamento de A\u00e7\u00f5es<\/strong>: Desenvolvimento de planos para colmatar as lacunas identificadas.<\/li>\n<\/ul>\n<\/li>\n<\/ul>\n\n\n\n<p>Juntas, as avalia\u00e7\u00f5es de risco e lacunas fornecem uma compreens\u00e3o abrangente das vulnerabilidades e oportunidades de melhoria de uma organiza\u00e7\u00e3o, permitindo uma tomada de decis\u00e3o informada e um planeamento estrat\u00e9gico.<\/p>\n\n\n\n<p>Com base na experi\u00eancia acumulada ao longo dos anos e numa atualiza\u00e7\u00e3o constante do quadro regulamentar, a nossa equipa pode apoiar a sua organiza\u00e7\u00e3o na realiza\u00e7\u00e3o de avalia\u00e7\u00f5es de risco e lacunas rigorosas.<\/p>\n","protected":false},"excerpt":{"rendered":"<p>As avalia\u00e7\u00f5es de risco e lacunas s\u00e3o ferramentas essenciais para identificar potenciais problemas e \u00e1reas de melhoria dentro de uma organiza\u00e7\u00e3o. Estas avalia\u00e7\u00f5es ajudam a garantir que os processos, sistemas e controlos s\u00e3o eficazes e est\u00e3o alinhados com os objetivos empresariais. Juntas, as avalia\u00e7\u00f5es de risco e lacunas fornecem uma compreens\u00e3o abrangente das vulnerabilidades e&hellip; <br \/> <a class=\"read-more\" href=\"https:\/\/rocens.com\/pt\/risk-and-gap-assessments\/\">Read more<\/a><\/p>\n","protected":false},"author":5,"featured_media":0,"parent":0,"menu_order":0,"comment_status":"closed","ping_status":"closed","template":"page-templates\/page-with-right-sidebar.php","meta":{"_coblocks_attr":"","_coblocks_dimensions":"","_coblocks_responsive_height":"","_coblocks_accordion_ie_support":"","om_disable_all_campaigns":false,"_monsterinsights_skip_tracking":false,"_monsterinsights_sitenote_active":false,"_monsterinsights_sitenote_note":"","_monsterinsights_sitenote_category":0,"footnotes":""},"class_list":["post-2767","page","type-page","status-publish","hentry"],"aioseo_notices":[],"_links":{"self":[{"href":"https:\/\/rocens.com\/pt\/wp-json\/wp\/v2\/pages\/2767","targetHints":{"allow":["GET"]}}],"collection":[{"href":"https:\/\/rocens.com\/pt\/wp-json\/wp\/v2\/pages"}],"about":[{"href":"https:\/\/rocens.com\/pt\/wp-json\/wp\/v2\/types\/page"}],"author":[{"embeddable":true,"href":"https:\/\/rocens.com\/pt\/wp-json\/wp\/v2\/users\/5"}],"replies":[{"embeddable":true,"href":"https:\/\/rocens.com\/pt\/wp-json\/wp\/v2\/comments?post=2767"}],"version-history":[{"count":5,"href":"https:\/\/rocens.com\/pt\/wp-json\/wp\/v2\/pages\/2767\/revisions"}],"predecessor-version":[{"id":3300,"href":"https:\/\/rocens.com\/pt\/wp-json\/wp\/v2\/pages\/2767\/revisions\/3300"}],"wp:attachment":[{"href":"https:\/\/rocens.com\/pt\/wp-json\/wp\/v2\/media?parent=2767"}],"curies":[{"name":"wp","href":"https:\/\/api.w.org\/{rel}","templated":true}]}}