{"id":2766,"date":"2024-10-15T14:58:35","date_gmt":"2024-10-15T13:58:35","guid":{"rendered":"https:\/\/rocens.com\/?page_id=2766"},"modified":"2024-12-23T12:32:57","modified_gmt":"2024-12-23T12:32:57","slug":"qms-implementation","status":"publish","type":"page","link":"https:\/\/rocens.com\/pt\/qms-implementation\/","title":{"rendered":"Implementa\u00e7\u00e3o de SGQ"},"content":{"rendered":"\n<p>A implementa\u00e7\u00e3o de um Sistema de Gest\u00e3o da Qualidade (SGQ) \u00e9 essencial para garantir a entrega consistente de produtos e servi\u00e7os de alta qualidade. Um SGQ robusto simplifica processos, melhora a satisfa\u00e7\u00e3o do cliente e garante a conformidade com normas da ind\u00fastria, como a ISO 9001. Os passos principais incluem:<\/p>\n\n\n\n<ul class=\"wp-block-list\">\n<li><strong>Planeamento<\/strong>: Definir o \u00e2mbito e os objetivos do SGQ e desenvolver um plano de implementa\u00e7\u00e3o detalhado.<\/li>\n\n\n\n<li><strong>Documenta\u00e7\u00e3o<\/strong>: Criar e manter documenta\u00e7\u00e3o para todos os processos, procedimentos e responsabilidades.<\/li>\n\n\n\n<li><strong>Forma\u00e7\u00e3o<\/strong>: Educar os colaboradores sobre os princ\u00edpios do SGQ e os seus pap\u00e9is dentro do sistema.<\/li>\n\n\n\n<li><strong>Controlo de Processos<\/strong>: Implementar controlos para monitorizar e gerir processos, garantindo que cumprem os padr\u00f5es de qualidade.<\/li>\n\n\n\n<li><strong>Auditorias Internas<\/strong>: Realizar auditorias regulares para avaliar a efic\u00e1cia do SGQ e identificar \u00e1reas para melhoria.<\/li>\n\n\n\n<li><strong>Melhoria Cont\u00ednua<\/strong>: Utilizar feedback e resultados de auditorias para fazer melhorias cont\u00ednuas no SGQ.<\/li>\n<\/ul>\n\n\n\n<p>Os benef\u00edcios de um SGQ bem implementado incluem maior efici\u00eancia operacional, redu\u00e7\u00e3o de custos e aumento da satisfa\u00e7\u00e3o do cliente.<\/p>\n\n\n\n<p>A nossa equipa pode apoiar a sua organiza\u00e7\u00e3o na implementa\u00e7\u00e3o de um SGQ que ajude a alcan\u00e7ar os seus objetivos de qualidade e a manter altos padr\u00f5es.<\/p>\n","protected":false},"excerpt":{"rendered":"<p>A implementa\u00e7\u00e3o de um Sistema de Gest\u00e3o da Qualidade (SGQ) \u00e9 essencial para garantir a entrega consistente de produtos e servi\u00e7os de alta qualidade. Um SGQ robusto simplifica processos, melhora a satisfa\u00e7\u00e3o do cliente e garante a conformidade com normas da ind\u00fastria, como a ISO 9001. Os passos principais incluem: Os benef\u00edcios de um SGQ&hellip; <br \/> <a class=\"read-more\" href=\"https:\/\/rocens.com\/pt\/qms-implementation\/\">Read more<\/a><\/p>\n","protected":false},"author":5,"featured_media":0,"parent":0,"menu_order":0,"comment_status":"closed","ping_status":"closed","template":"page-templates\/page-with-right-sidebar.php","meta":{"_coblocks_attr":"","_coblocks_dimensions":"","_coblocks_responsive_height":"","_coblocks_accordion_ie_support":"","om_disable_all_campaigns":false,"_monsterinsights_skip_tracking":false,"_monsterinsights_sitenote_active":false,"_monsterinsights_sitenote_note":"","_monsterinsights_sitenote_category":0,"footnotes":""},"class_list":["post-2766","page","type-page","status-publish","hentry"],"aioseo_notices":[],"_links":{"self":[{"href":"https:\/\/rocens.com\/pt\/wp-json\/wp\/v2\/pages\/2766","targetHints":{"allow":["GET"]}}],"collection":[{"href":"https:\/\/rocens.com\/pt\/wp-json\/wp\/v2\/pages"}],"about":[{"href":"https:\/\/rocens.com\/pt\/wp-json\/wp\/v2\/types\/page"}],"author":[{"embeddable":true,"href":"https:\/\/rocens.com\/pt\/wp-json\/wp\/v2\/users\/5"}],"replies":[{"embeddable":true,"href":"https:\/\/rocens.com\/pt\/wp-json\/wp\/v2\/comments?post=2766"}],"version-history":[{"count":5,"href":"https:\/\/rocens.com\/pt\/wp-json\/wp\/v2\/pages\/2766\/revisions"}],"predecessor-version":[{"id":3297,"href":"https:\/\/rocens.com\/pt\/wp-json\/wp\/v2\/pages\/2766\/revisions\/3297"}],"wp:attachment":[{"href":"https:\/\/rocens.com\/pt\/wp-json\/wp\/v2\/media?parent=2766"}],"curies":[{"name":"wp","href":"https:\/\/api.w.org\/{rel}","templated":true}]}}