{"id":2765,"date":"2024-10-15T14:58:09","date_gmt":"2024-10-15T13:58:09","guid":{"rendered":"https:\/\/rocens.com\/?page_id=2765"},"modified":"2024-12-23T12:31:37","modified_gmt":"2024-12-23T12:31:37","slug":"internal-audits","status":"publish","type":"page","link":"https:\/\/rocens.com\/pt\/internal-audits\/","title":{"rendered":"Auditorias Internas"},"content":{"rendered":"\n<p>As auditorias internas s\u00e3o atividades de revis\u00e3o independentes projetadas para agregar valor e melhorar as opera\u00e7\u00f5es de uma organiza\u00e7\u00e3o. Elas ajudam a garantir que os procedimentos internos, os controlos internos, a governan\u00e7a corporativa e os processos internos est\u00e3o a ser seguidos de forma eficaz. Os aspetos principais incluem:<\/p>\n\n\n\n<ul class=\"wp-block-list\">\n<li><strong>Conformidade<\/strong>: Garantir a ades\u00e3o \u00e0s leis, regulamentos e pol\u00edticas internas.<\/li>\n\n\n\n<li><strong>Operacional<\/strong>: Avalia\u00e7\u00e3o de processos e sistemas.<\/li>\n<\/ul>\n\n\n\n<p>As auditorias internas fornecem informa\u00e7\u00f5es e recomenda\u00e7\u00f5es \u00e0 gest\u00e3o para melhorar processos, mitigar riscos e garantir conformidade.<\/p>\n\n\n\n<p>A nossa equipa pode apoiar a sua organiza\u00e7\u00e3o na execu\u00e7\u00e3o de auditorias internas rigorosas para ajudar a sua organiza\u00e7\u00e3o a alcan\u00e7ar altos padr\u00f5es de governa\u00e7\u00e3o e controlo.<\/p>\n\n\n\n<p><\/p>\n","protected":false},"excerpt":{"rendered":"<p>As auditorias internas s\u00e3o atividades de revis\u00e3o independentes projetadas para agregar valor e melhorar as opera\u00e7\u00f5es de uma organiza\u00e7\u00e3o. Elas ajudam a garantir que os procedimentos internos, os controlos internos, a governan\u00e7a corporativa e os processos internos est\u00e3o a ser seguidos de forma eficaz. Os aspetos principais incluem: As auditorias internas fornecem informa\u00e7\u00f5es e recomenda\u00e7\u00f5es&hellip; <br \/> <a class=\"read-more\" href=\"https:\/\/rocens.com\/pt\/internal-audits\/\">Read more<\/a><\/p>\n","protected":false},"author":5,"featured_media":0,"parent":0,"menu_order":0,"comment_status":"closed","ping_status":"closed","template":"page-templates\/page-with-right-sidebar.php","meta":{"_coblocks_attr":"","_coblocks_dimensions":"","_coblocks_responsive_height":"","_coblocks_accordion_ie_support":"","om_disable_all_campaigns":false,"_monsterinsights_skip_tracking":false,"_monsterinsights_sitenote_active":false,"_monsterinsights_sitenote_note":"","_monsterinsights_sitenote_category":0,"footnotes":""},"class_list":["post-2765","page","type-page","status-publish","hentry"],"aioseo_notices":[],"_links":{"self":[{"href":"https:\/\/rocens.com\/pt\/wp-json\/wp\/v2\/pages\/2765","targetHints":{"allow":["GET"]}}],"collection":[{"href":"https:\/\/rocens.com\/pt\/wp-json\/wp\/v2\/pages"}],"about":[{"href":"https:\/\/rocens.com\/pt\/wp-json\/wp\/v2\/types\/page"}],"author":[{"embeddable":true,"href":"https:\/\/rocens.com\/pt\/wp-json\/wp\/v2\/users\/5"}],"replies":[{"embeddable":true,"href":"https:\/\/rocens.com\/pt\/wp-json\/wp\/v2\/comments?post=2765"}],"version-history":[{"count":6,"href":"https:\/\/rocens.com\/pt\/wp-json\/wp\/v2\/pages\/2765\/revisions"}],"predecessor-version":[{"id":3295,"href":"https:\/\/rocens.com\/pt\/wp-json\/wp\/v2\/pages\/2765\/revisions\/3295"}],"wp:attachment":[{"href":"https:\/\/rocens.com\/pt\/wp-json\/wp\/v2\/media?parent=2765"}],"curies":[{"name":"wp","href":"https:\/\/api.w.org\/{rel}","templated":true}]}}