{"id":2764,"date":"2024-10-15T14:57:07","date_gmt":"2024-10-15T13:57:07","guid":{"rendered":"https:\/\/rocens.com\/?page_id=2764"},"modified":"2024-12-23T12:22:47","modified_gmt":"2024-12-23T12:22:47","slug":"cost-and-schedule-modeling","status":"publish","type":"page","link":"https:\/\/rocens.com\/pt\/cost-and-schedule-modeling\/","title":{"rendered":"Modela\u00e7\u00e3o de Custos e Cronogramas"},"content":{"rendered":"\n<p>A modela\u00e7\u00e3o de custos e cronogramas s\u00e3o ferramentas essenciais na gest\u00e3o de projetos, usadas para prever e controlar os aspetos financeiros e temporais de um projeto. Estes modelos ajudam a garantir que os projetos s\u00e3o conclu\u00eddos a tempo e dentro do or\u00e7amento. Os aspetos principais incluem:<\/p>\n\n\n\n<ul class=\"wp-block-list\">\n<li><strong>Modela\u00e7\u00e3o de Custos<\/strong>: Isto envolve a estimativa de todas as despesas associadas a um projeto, incluindo custos diretos (materiais, m\u00e3o-de-obra) e custos indiretos (despesas gerais, administrativas). Componentes principais incluem:\n<ul class=\"wp-block-list\">\n<li><strong>Estimativa de Custos<\/strong>: Previs\u00e3o dos custos das v\u00e1rias atividades do projeto.<\/li>\n\n\n\n<li><strong>Or\u00e7amenta\u00e7\u00e3o<\/strong>: Aloca\u00e7\u00e3o dos custos estimados para diferentes tarefas e atividades.<\/li>\n\n\n\n<li><strong>Controlo de Custos<\/strong>: Monitoriza\u00e7\u00e3o e gest\u00e3o dos custos do projeto para evitar ultrapassagens.<\/li>\n<\/ul>\n<\/li>\n\n\n\n<li><strong>Modela\u00e7\u00e3o de Cronogramas<\/strong>: Isto envolve o planeamento e acompanhamento do cronograma de um projeto para garantir a sua conclus\u00e3o atempada. Componentes principais incluem:\n<ul class=\"wp-block-list\">\n<li><strong>Planeamento<\/strong>: Cria\u00e7\u00e3o de um cronograma detalhado para as atividades do projeto.<\/li>\n\n\n\n<li><strong>An\u00e1lise do Caminho Cr\u00edtico<\/strong>: Identifica\u00e7\u00e3o da sequ\u00eancia de tarefas cruciais que determinam a dura\u00e7\u00e3o do projeto.<\/li>\n\n\n\n<li><strong>Controlo de Cronograma<\/strong>: Monitoriza\u00e7\u00e3o do progresso e realiza\u00e7\u00e3o de ajustes para manter o projeto no caminho certo.<\/li>\n<\/ul>\n<\/li>\n<\/ul>\n\n\n\n<p>Os benef\u00edcios da modela\u00e7\u00e3o de custos e cronogramas incluem uma melhor tomada de decis\u00f5es, aloca\u00e7\u00e3o de recursos aprimorada e a capacidade de antecipar e mitigar potenciais atrasos e ultrapassagens de custos.<\/p>\n\n\n\n<p>A nossa equipa pode apoiar no desenvolvimento de modelos de custos e cronogramas precisos para garantir a conclus\u00e3o bem-sucedida dos seus projetos.<\/p>\n","protected":false},"excerpt":{"rendered":"<p>A modela\u00e7\u00e3o de custos e cronogramas s\u00e3o ferramentas essenciais na gest\u00e3o de projetos, usadas para prever e controlar os aspetos financeiros e temporais de um projeto. Estes modelos ajudam a garantir que os projetos s\u00e3o conclu\u00eddos a tempo e dentro do or\u00e7amento. Os aspetos principais incluem: Os benef\u00edcios da modela\u00e7\u00e3o de custos e cronogramas incluem&hellip; <br \/> <a class=\"read-more\" href=\"https:\/\/rocens.com\/pt\/cost-and-schedule-modeling\/\">Read more<\/a><\/p>\n","protected":false},"author":5,"featured_media":0,"parent":0,"menu_order":0,"comment_status":"closed","ping_status":"closed","template":"page-templates\/page-with-right-sidebar.php","meta":{"_coblocks_attr":"","_coblocks_dimensions":"","_coblocks_responsive_height":"","_coblocks_accordion_ie_support":"","om_disable_all_campaigns":false,"_monsterinsights_skip_tracking":false,"_monsterinsights_sitenote_active":false,"_monsterinsights_sitenote_note":"","_monsterinsights_sitenote_category":0,"footnotes":""},"class_list":["post-2764","page","type-page","status-publish","hentry"],"aioseo_notices":[],"_links":{"self":[{"href":"https:\/\/rocens.com\/pt\/wp-json\/wp\/v2\/pages\/2764","targetHints":{"allow":["GET"]}}],"collection":[{"href":"https:\/\/rocens.com\/pt\/wp-json\/wp\/v2\/pages"}],"about":[{"href":"https:\/\/rocens.com\/pt\/wp-json\/wp\/v2\/types\/page"}],"author":[{"embeddable":true,"href":"https:\/\/rocens.com\/pt\/wp-json\/wp\/v2\/users\/5"}],"replies":[{"embeddable":true,"href":"https:\/\/rocens.com\/pt\/wp-json\/wp\/v2\/comments?post=2764"}],"version-history":[{"count":10,"href":"https:\/\/rocens.com\/pt\/wp-json\/wp\/v2\/pages\/2764\/revisions"}],"predecessor-version":[{"id":3288,"href":"https:\/\/rocens.com\/pt\/wp-json\/wp\/v2\/pages\/2764\/revisions\/3288"}],"wp:attachment":[{"href":"https:\/\/rocens.com\/pt\/wp-json\/wp\/v2\/media?parent=2764"}],"curies":[{"name":"wp","href":"https:\/\/api.w.org\/{rel}","templated":true}]}}