{"id":2762,"date":"2024-10-15T14:56:39","date_gmt":"2024-10-15T13:56:39","guid":{"rendered":"https:\/\/rocens.com\/?page_id=2762"},"modified":"2024-12-23T12:19:56","modified_gmt":"2024-12-23T12:19:56","slug":"conceptual-design-studies","status":"publish","type":"page","link":"https:\/\/rocens.com\/pt\/conceptual-design-studies\/","title":{"rendered":"Estudos Conceptuais"},"content":{"rendered":"\n<p>Os estudos de design conceptual s\u00e3o a fase inicial do processo de design, onde as ideias s\u00e3o transformadas em planos tang\u00edveis. Esta fase \u00e9 crucial para estabelecer a base de um projeto, explorando v\u00e1rias possibilidades de design e alinhando-as com as necessidades dos utilizadores e os objetivos do projeto. Os aspetos principais incluem:<\/p>\n\n\n\n<ul class=\"wp-block-list\">\n<li><strong>Pesquisa<\/strong>: Recolha de informa\u00e7\u00f5es sobre os requisitos do projeto, necessidades dos utilizadores e solu\u00e7\u00f5es existentes.<\/li>\n\n\n\n<li><strong>Brainstorming<\/strong>: Gera\u00e7\u00e3o de uma ampla gama de ideias e conceitos atrav\u00e9s de t\u00e9cnicas de pensamento criativo.<\/li>\n\n\n\n<li><strong>Explora\u00e7\u00e3o Visual<\/strong>: Cria\u00e7\u00e3o de esbo\u00e7os, diagramas e modelos para visualizar e refinar ideias.<\/li>\n\n\n\n<li><strong>An\u00e1lise de Viabilidade<\/strong>: Avalia\u00e7\u00e3o da praticidade e viabilidade de diferentes conceitos.<\/li>\n\n\n\n<li><strong>Sele\u00e7\u00e3o de Conceitos<\/strong>: Avalia\u00e7\u00e3o e sele\u00e7\u00e3o dos conceitos mais promissores com base em crit\u00e9rios como funcionalidade, est\u00e9tica e custo.<\/li>\n<\/ul>\n\n\n\n<p>Os estudos de design conceptual ajudam a preencher a lacuna entre uma ideia inicial e a sua execu\u00e7\u00e3o, proporcionando uma vis\u00e3o clara e coesa que orienta o restante do processo de design e desenvolvimento.<\/p>\n\n\n\n<p>A nossa equipa \u00e9 especializada na realiza\u00e7\u00e3o de estudos de design conceptual aprofundados para garantir que os seus projetos comecem com uma base forte e inovadora.<\/p>\n\n\n\n<p><\/p>\n","protected":false},"excerpt":{"rendered":"<p>Os estudos de design conceptual s\u00e3o a fase inicial do processo de design, onde as ideias s\u00e3o transformadas em planos tang\u00edveis. Esta fase \u00e9 crucial para estabelecer a base de um projeto, explorando v\u00e1rias possibilidades de design e alinhando-as com as necessidades dos utilizadores e os objetivos do projeto. Os aspetos principais incluem: Os estudos&hellip; <br \/> <a class=\"read-more\" href=\"https:\/\/rocens.com\/pt\/conceptual-design-studies\/\">Read more<\/a><\/p>\n","protected":false},"author":5,"featured_media":0,"parent":0,"menu_order":0,"comment_status":"closed","ping_status":"closed","template":"page-templates\/page-with-right-sidebar.php","meta":{"_coblocks_attr":"","_coblocks_dimensions":"","_coblocks_responsive_height":"","_coblocks_accordion_ie_support":"","om_disable_all_campaigns":false,"_monsterinsights_skip_tracking":false,"_monsterinsights_sitenote_active":false,"_monsterinsights_sitenote_note":"","_monsterinsights_sitenote_category":0,"footnotes":""},"class_list":["post-2762","page","type-page","status-publish","hentry"],"aioseo_notices":[],"_links":{"self":[{"href":"https:\/\/rocens.com\/pt\/wp-json\/wp\/v2\/pages\/2762","targetHints":{"allow":["GET"]}}],"collection":[{"href":"https:\/\/rocens.com\/pt\/wp-json\/wp\/v2\/pages"}],"about":[{"href":"https:\/\/rocens.com\/pt\/wp-json\/wp\/v2\/types\/page"}],"author":[{"embeddable":true,"href":"https:\/\/rocens.com\/pt\/wp-json\/wp\/v2\/users\/5"}],"replies":[{"embeddable":true,"href":"https:\/\/rocens.com\/pt\/wp-json\/wp\/v2\/comments?post=2762"}],"version-history":[{"count":9,"href":"https:\/\/rocens.com\/pt\/wp-json\/wp\/v2\/pages\/2762\/revisions"}],"predecessor-version":[{"id":3284,"href":"https:\/\/rocens.com\/pt\/wp-json\/wp\/v2\/pages\/2762\/revisions\/3284"}],"wp:attachment":[{"href":"https:\/\/rocens.com\/pt\/wp-json\/wp\/v2\/media?parent=2762"}],"curies":[{"name":"wp","href":"https:\/\/api.w.org\/{rel}","templated":true}]}}