{"id":2759,"date":"2024-10-15T14:59:25","date_gmt":"2024-10-15T13:59:25","guid":{"rendered":"https:\/\/rocens.com\/?page_id=2759"},"modified":"2024-12-23T14:39:37","modified_gmt":"2024-12-23T14:39:37","slug":"site-evaluation-selection","status":"publish","type":"page","link":"https:\/\/rocens.com\/pt\/site-evaluation-selection\/","title":{"rendered":"Avalia\u00e7\u00e3o de Localiza\u00e7\u00e3o e Sele\u00e7\u00e3o"},"content":{"rendered":"\n<p>A avalia\u00e7\u00e3o e sele\u00e7\u00e3o do local s\u00e3o processos cr\u00edticos no planeamento e desenvolvimento de qualquer projeto. Estes processos garantem que o local escolhido cumpre todos os crit\u00e9rios necess\u00e1rios para uma implementa\u00e7\u00e3o bem-sucedida do projeto. Os principais aspetos incluem:<\/p>\n\n\n\n<ul class=\"wp-block-list\">\n<li><strong>An\u00e1lise do Local:<\/strong> Avaliar as caracter\u00edsticas f\u00edsicas dos potenciais locais, incluindo a topografia, a qualidade do solo e as infraestruturas existentes.<\/li>\n\n\n\n<li><strong>Impacto Ambiental:<\/strong> Avaliar os potenciais efeitos ambientais do projeto no local e nas \u00e1reas adjacentes, garantindo o cumprimento dos regulamentos ambientais.<\/li>\n\n\n\n<li><strong>Acessibilidade:<\/strong> Considerando a acessibilidade do local para transportes, servi\u00e7os p\u00fablicos e outros servi\u00e7os essenciais.<\/li>\n\n\n\n<li><strong>Classifica\u00e7\u00e3o das Zonas e uso do solo:<\/strong> Garantir que o local cumpre as leis locais e os regulamentos de uso do solo.<\/li>\n<\/ul>\n\n\n\n<div class=\"wp-block-columns is-layout-flex wp-container-core-columns-is-layout-9d6595d7 wp-block-columns-is-layout-flex\">\n<div class=\"wp-block-column is-layout-flow wp-block-column-is-layout-flow\">\n<figure class=\"wp-block-image size-full is-resized\"><img fetchpriority=\"high\" decoding=\"async\" width=\"912\" height=\"765\" src=\"https:\/\/rocens.com\/wp-content\/uploads\/2024\/12\/PDM-maia.png\" alt=\"\" class=\"wp-image-3213\" style=\"width:371px;height:auto\" srcset=\"https:\/\/rocens.com\/wp-content\/uploads\/2024\/12\/PDM-maia.png 912w, https:\/\/rocens.com\/wp-content\/uploads\/2024\/12\/PDM-maia-300x252.png 300w, https:\/\/rocens.com\/wp-content\/uploads\/2024\/12\/PDM-maia-768x644.png 768w\" sizes=\"(max-width: 912px) 100vw, 912px\" \/><\/figure>\n<\/div>\n\n\n\n<div class=\"wp-block-column is-layout-flow wp-block-column-is-layout-flow\">\n<figure class=\"wp-block-image size-large\"><img decoding=\"async\" width=\"1068\" height=\"703\" src=\"https:\/\/rocens.com\/wp-content\/uploads\/2024\/12\/urban-planning-edited.png\" alt=\"\" class=\"wp-image-3217\" srcset=\"https:\/\/rocens.com\/wp-content\/uploads\/2024\/12\/urban-planning-edited.png 1068w, https:\/\/rocens.com\/wp-content\/uploads\/2024\/12\/urban-planning-edited-300x197.png 300w, https:\/\/rocens.com\/wp-content\/uploads\/2024\/12\/urban-planning-edited-1024x674.png 1024w, https:\/\/rocens.com\/wp-content\/uploads\/2024\/12\/urban-planning-edited-768x506.png 768w\" sizes=\"(max-width: 1068px) 100vw, 1068px\" \/><\/figure>\n<\/div>\n<\/div>\n\n\n\n<ul class=\"wp-block-list\">\n<li><strong>An\u00e1lise de Custo:<\/strong> An\u00e1lise de custos associados com a aquisi\u00e7\u00e3o, prepara\u00e7\u00e3o e desenvolvimento do complexo.<\/li>\n\n\n\n<li><strong>Avalia\u00e7\u00e3o de Riscos:<\/strong> Identificar e mitigar riscos potenciais, como perigos naturais ou regulamentares<\/li>\n<\/ul>\n\n\n\n<p>Um processo completo de avalia\u00e7\u00e3o e sele\u00e7\u00e3o do local ajuda na tomada de decis\u00f5es informadas, reduzindo os riscos e garantindo o sucesso do projeto a longo prazo.<\/p>\n\n\n\n<p>A nossa equipa pode realizar avalia\u00e7\u00f5es abrangentes do local e apoiar na sele\u00e7\u00e3o de locais ideais que se alinhem com os objetivos do projeto e os requisitos regulamentares.<\/p>\n\n\n\n<p><\/p>\n","protected":false},"excerpt":{"rendered":"<p>A avalia\u00e7\u00e3o e sele\u00e7\u00e3o do local s\u00e3o processos cr\u00edticos no planeamento e desenvolvimento de qualquer projeto. Estes processos garantem que o local escolhido cumpre todos os crit\u00e9rios necess\u00e1rios para uma implementa\u00e7\u00e3o bem-sucedida do projeto. Os principais aspetos incluem: Um processo completo de avalia\u00e7\u00e3o e sele\u00e7\u00e3o do local ajuda na tomada de decis\u00f5es informadas, reduzindo os&hellip; <br \/> <a class=\"read-more\" href=\"https:\/\/rocens.com\/pt\/site-evaluation-selection\/\">Read more<\/a><\/p>\n","protected":false},"author":5,"featured_media":0,"parent":0,"menu_order":0,"comment_status":"closed","ping_status":"closed","template":"","meta":{"_coblocks_attr":"","_coblocks_dimensions":"","_coblocks_responsive_height":"","_coblocks_accordion_ie_support":"","om_disable_all_campaigns":false,"_monsterinsights_skip_tracking":false,"_monsterinsights_sitenote_active":false,"_monsterinsights_sitenote_note":"","_monsterinsights_sitenote_category":0,"footnotes":""},"class_list":["post-2759","page","type-page","status-publish","hentry"],"aioseo_notices":[],"_links":{"self":[{"href":"https:\/\/rocens.com\/pt\/wp-json\/wp\/v2\/pages\/2759","targetHints":{"allow":["GET"]}}],"collection":[{"href":"https:\/\/rocens.com\/pt\/wp-json\/wp\/v2\/pages"}],"about":[{"href":"https:\/\/rocens.com\/pt\/wp-json\/wp\/v2\/types\/page"}],"author":[{"embeddable":true,"href":"https:\/\/rocens.com\/pt\/wp-json\/wp\/v2\/users\/5"}],"replies":[{"embeddable":true,"href":"https:\/\/rocens.com\/pt\/wp-json\/wp\/v2\/comments?post=2759"}],"version-history":[{"count":10,"href":"https:\/\/rocens.com\/pt\/wp-json\/wp\/v2\/pages\/2759\/revisions"}],"predecessor-version":[{"id":3358,"href":"https:\/\/rocens.com\/pt\/wp-json\/wp\/v2\/pages\/2759\/revisions\/3358"}],"wp:attachment":[{"href":"https:\/\/rocens.com\/pt\/wp-json\/wp\/v2\/media?parent=2759"}],"curies":[{"name":"wp","href":"https:\/\/api.w.org\/{rel}","templated":true}]}}