{"id":2758,"date":"2024-10-15T14:59:51","date_gmt":"2024-10-15T13:59:51","guid":{"rendered":"https:\/\/rocens.com\/?page_id=2758"},"modified":"2024-12-23T12:05:54","modified_gmt":"2024-12-23T12:05:54","slug":"site-master-planning","status":"publish","type":"page","link":"https:\/\/rocens.com\/pt\/site-master-planning\/","title":{"rendered":"Master Planning"},"content":{"rendered":"\n<p>O Master Planning \u00e9 um processo estrat\u00e9gico que descreve o desenvolvimento e a utiliza\u00e7\u00e3o a longo prazo de uma \u00e1rea espec\u00edfica. Garante que todos os elementos de um projeto est\u00e3o coordenados e alinhados com os objetivos futuros. Os principais aspetos incluem:<\/p>\n\n\n<div class=\"wp-block-image\">\n<figure class=\"aligncenter size-full\"><img fetchpriority=\"high\" decoding=\"async\" width=\"530\" height=\"406\" src=\"https:\/\/rocens.com\/wp-content\/uploads\/2024\/10\/Picture4-e1731591058682.png\" alt=\"\" class=\"wp-image-3044\" srcset=\"https:\/\/rocens.com\/wp-content\/uploads\/2024\/10\/Picture4-e1731591058682.png 530w, https:\/\/rocens.com\/wp-content\/uploads\/2024\/10\/Picture4-e1731591058682-300x230.png 300w\" sizes=\"(max-width: 530px) 100vw, 530px\" \/><\/figure><\/div>\n\n\n<ul class=\"wp-block-list\">\n<li><strong>An\u00e1lise do Local<\/strong>: Avaliar as caracter\u00edsticas f\u00edsicas do terreno, incluindo a topografia, a qualidade do solo e as infraestruturas existentes.<\/li>\n\n\n\n<li><strong>Vis\u00e3o e Metas:<\/strong> Definir os objetivos e vis\u00e3o a longo prazo para o desenvolvimento.<\/li>\n\n\n\n<li><strong>Planeamento do Uso do Solo<\/strong>: Aloca\u00e7\u00e3o de espa\u00e7o para diversos usos, como \u00e1reas residenciais, comerciais e recreativas.<\/li>\n\n\n\n<li><strong>Planeamento de Infraestruturas:<\/strong> Conceber a infraestrutura necess\u00e1ria, incluindo estradas, servi\u00e7os p\u00fablicos e sistemas de drenagem.<\/li>\n<\/ul>\n\n\n<div class=\"wp-block-image\">\n<figure class=\"aligncenter size-full\"><img decoding=\"async\" width=\"513\" height=\"301\" src=\"https:\/\/rocens.com\/wp-content\/uploads\/2024\/10\/Picture1.png\" alt=\"\" class=\"wp-image-3045\" srcset=\"https:\/\/rocens.com\/wp-content\/uploads\/2024\/10\/Picture1.png 513w, https:\/\/rocens.com\/wp-content\/uploads\/2024\/10\/Picture1-300x176.png 300w\" sizes=\"(max-width: 513px) 100vw, 513px\" \/><\/figure><\/div>\n\n\n<ul class=\"wp-block-list\">\n<li><strong>Considera\u00e7\u00f5es Ambientais:<\/strong> Incorporar pr\u00e1ticas sustent\u00e1veis \u200b\u200be minimizar o impacto ambiental.<\/li>\n\n\n\n<li><strong>Envolvimento comunit\u00e1rio:<\/strong> Envolver-se com as partes interessadas e com a comunidade para garantir que o desenvolvimento vai ao encontro das suas necessidades e expectativas.<\/li>\n<\/ul>\n\n\n<div class=\"wp-block-image\">\n<figure class=\"aligncenter size-full\"><img decoding=\"async\" width=\"530\" height=\"299\" src=\"https:\/\/rocens.com\/wp-content\/uploads\/2024\/10\/Picture3.png\" alt=\"\" class=\"wp-image-3043\" srcset=\"https:\/\/rocens.com\/wp-content\/uploads\/2024\/10\/Picture3.png 530w, https:\/\/rocens.com\/wp-content\/uploads\/2024\/10\/Picture3-300x169.png 300w\" sizes=\"(max-width: 530px) 100vw, 530px\" \/><\/figure><\/div>","protected":false},"excerpt":{"rendered":"<p>O Master Planning \u00e9 um processo estrat\u00e9gico que descreve o desenvolvimento e a utiliza\u00e7\u00e3o a longo prazo de uma \u00e1rea espec\u00edfica. Garante que todos os elementos de um projeto est\u00e3o coordenados e alinhados com os objetivos futuros. Os principais aspetos incluem:<\/p>\n","protected":false},"author":5,"featured_media":0,"parent":0,"menu_order":0,"comment_status":"closed","ping_status":"closed","template":"page-templates\/page-with-right-sidebar.php","meta":{"_coblocks_attr":"","_coblocks_dimensions":"","_coblocks_responsive_height":"","_coblocks_accordion_ie_support":"","om_disable_all_campaigns":false,"_monsterinsights_skip_tracking":false,"_monsterinsights_sitenote_active":false,"_monsterinsights_sitenote_note":"","_monsterinsights_sitenote_category":0,"footnotes":""},"class_list":["post-2758","page","type-page","status-publish","hentry"],"aioseo_notices":[],"_links":{"self":[{"href":"https:\/\/rocens.com\/pt\/wp-json\/wp\/v2\/pages\/2758","targetHints":{"allow":["GET"]}}],"collection":[{"href":"https:\/\/rocens.com\/pt\/wp-json\/wp\/v2\/pages"}],"about":[{"href":"https:\/\/rocens.com\/pt\/wp-json\/wp\/v2\/types\/page"}],"author":[{"embeddable":true,"href":"https:\/\/rocens.com\/pt\/wp-json\/wp\/v2\/users\/5"}],"replies":[{"embeddable":true,"href":"https:\/\/rocens.com\/pt\/wp-json\/wp\/v2\/comments?post=2758"}],"version-history":[{"count":11,"href":"https:\/\/rocens.com\/pt\/wp-json\/wp\/v2\/pages\/2758\/revisions"}],"predecessor-version":[{"id":3270,"href":"https:\/\/rocens.com\/pt\/wp-json\/wp\/v2\/pages\/2758\/revisions\/3270"}],"wp:attachment":[{"href":"https:\/\/rocens.com\/pt\/wp-json\/wp\/v2\/media?parent=2758"}],"curies":[{"name":"wp","href":"https:\/\/api.w.org\/{rel}","templated":true}]}}