{"id":2755,"date":"2024-10-15T14:48:21","date_gmt":"2024-10-15T13:48:21","guid":{"rendered":"https:\/\/rocens.com\/?page_id=2755"},"modified":"2024-12-23T12:15:41","modified_gmt":"2024-12-23T12:15:41","slug":"feasibility-studies","status":"publish","type":"page","link":"https:\/\/rocens.com\/pt\/feasibility-studies\/","title":{"rendered":"Estudos de Viabilidade"},"content":{"rendered":"\n<p>Um estudo de viabilidade \u00e9 uma ferramenta anal\u00edtica essencial usada para avaliar a viabilidade de um projeto ou ideia de neg\u00f3cio proposto. Ajuda a determinar se o projeto tem probabilidade de sucesso, avaliando v\u00e1rios fatores. Os aspetos principais incluem:<\/p>\n\n\n\n<ul class=\"wp-block-list\">\n<li><strong>Viabilidade T\u00e9cnica<\/strong>: Avalia\u00e7\u00e3o dos recursos e capacidades t\u00e9cnicas necess\u00e1rios para concluir o projeto.<\/li>\n\n\n\n<li><strong>Viabilidade Econ\u00f3mica<\/strong>: An\u00e1lise da rela\u00e7\u00e3o custo-benef\u00edcio para garantir que o projeto \u00e9 financeiramente vi\u00e1vel.<\/li>\n\n\n\n<li><strong>Viabilidade Legal<\/strong>: Garantir que o projeto cumpre todas as leis e regulamentos relevantes.<\/li>\n\n\n\n<li><strong>Viabilidade Operacional<\/strong>: Avalia\u00e7\u00e3o se o projeto pode ser integrado com sucesso nas opera\u00e7\u00f5es existentes.<\/li>\n\n\n\n<li><strong>Viabilidade de Cronograma<\/strong>: Determina\u00e7\u00e3o se o projeto pode ser conclu\u00eddo dentro do prazo desejado.<\/li>\n<\/ul>\n\n\n\n<p>Os benef\u00edcios de realizar um estudo de viabilidade incluem identificar potenciais desafios, fornecer dados detalhados para uma melhor tomada de decis\u00e3o e garantir o apoio das partes interessadas, demonstrando a devida dilig\u00eancia.<\/p>\n\n\n\n<p>A nossa equipa \u00e9 especializada na realiza\u00e7\u00e3o de estudos de viabilidade abrangentes para garantir que os seus projetos s\u00e3o vi\u00e1veis e preparados para o sucesso.<\/p>\n\n\n\n<p><\/p>\n","protected":false},"excerpt":{"rendered":"<p>Um estudo de viabilidade \u00e9 uma ferramenta anal\u00edtica essencial usada para avaliar a viabilidade de um projeto ou ideia de neg\u00f3cio proposto. Ajuda a determinar se o projeto tem probabilidade de sucesso, avaliando v\u00e1rios fatores. Os aspetos principais incluem: Os benef\u00edcios de realizar um estudo de viabilidade incluem identificar potenciais desafios, fornecer dados detalhados para&hellip; <br \/> <a class=\"read-more\" href=\"https:\/\/rocens.com\/pt\/feasibility-studies\/\">Read more<\/a><\/p>\n","protected":false},"author":5,"featured_media":0,"parent":0,"menu_order":0,"comment_status":"closed","ping_status":"closed","template":"page-templates\/page-with-right-sidebar.php","meta":{"_coblocks_attr":"","_coblocks_dimensions":"","_coblocks_responsive_height":"","_coblocks_accordion_ie_support":"","om_disable_all_campaigns":false,"_monsterinsights_skip_tracking":false,"_monsterinsights_sitenote_active":false,"_monsterinsights_sitenote_note":"","_monsterinsights_sitenote_category":0,"footnotes":""},"class_list":["post-2755","page","type-page","status-publish","hentry"],"aioseo_notices":[],"_links":{"self":[{"href":"https:\/\/rocens.com\/pt\/wp-json\/wp\/v2\/pages\/2755","targetHints":{"allow":["GET"]}}],"collection":[{"href":"https:\/\/rocens.com\/pt\/wp-json\/wp\/v2\/pages"}],"about":[{"href":"https:\/\/rocens.com\/pt\/wp-json\/wp\/v2\/types\/page"}],"author":[{"embeddable":true,"href":"https:\/\/rocens.com\/pt\/wp-json\/wp\/v2\/users\/5"}],"replies":[{"embeddable":true,"href":"https:\/\/rocens.com\/pt\/wp-json\/wp\/v2\/comments?post=2755"}],"version-history":[{"count":7,"href":"https:\/\/rocens.com\/pt\/wp-json\/wp\/v2\/pages\/2755\/revisions"}],"predecessor-version":[{"id":3276,"href":"https:\/\/rocens.com\/pt\/wp-json\/wp\/v2\/pages\/2755\/revisions\/3276"}],"wp:attachment":[{"href":"https:\/\/rocens.com\/pt\/wp-json\/wp\/v2\/media?parent=2755"}],"curies":[{"name":"wp","href":"https:\/\/api.w.org\/{rel}","templated":true}]}}