{"id":1467,"date":"2024-08-19T12:18:00","date_gmt":"2024-08-19T11:18:00","guid":{"rendered":"https:\/\/rocens.com\/?page_id=1467"},"modified":"2024-12-23T14:06:55","modified_gmt":"2024-12-23T14:06:55","slug":"rapid-prototyping","status":"publish","type":"page","link":"https:\/\/rocens.com\/pt\/rapid-prototyping\/","title":{"rendered":"PROTOTIPAGEM R\u00c1PIDA"},"content":{"rendered":"<p id=\"tw-target-text\" class=\"tw-data-text tw-text-large tw-ta\" dir=\"ltr\" data-placeholder=\"Tradu\u00e7\u00e3o\" aria-label=\"Texto traduzido\" data-ved=\"2ahUKEwj73qjFzJyIAxVDQ_EDHQ4lPHgQ3ewLegQICBAU\"><strong><span class=\"Y2IQFc\" lang=\"pt\">Servi\u00e7os de prototipagem r\u00e1pida: transforme ideias em realidade <\/span><\/strong><\/p>\n<p class=\"tw-data-text tw-text-large tw-ta\" dir=\"ltr\" data-placeholder=\"Tradu\u00e7\u00e3o\" aria-label=\"Texto traduzido\" data-ved=\"2ahUKEwj73qjFzJyIAxVDQ_EDHQ4lPHgQ3ewLegQICBAU\"><span class=\"Y2IQFc\" lang=\"pt\">O nosso servi\u00e7o de Prototipagem R\u00e1pida foi projetado para ajud\u00e1-lo a transformar as suas ideias em prot\u00f3tipos tang\u00edveis com velocidade, precis\u00e3o e qualidade. Quer seja um empreendedor com um conceito inovador ou uma empresa que deseja testar um novo produto, n\u00f3s fornecemos as ferramentas e o conhecimento para dar vida \u00e0 sua vis\u00e3o. <\/span><\/p>\n<ul>\n<li class=\"tw-data-text tw-text-large tw-ta\" dir=\"ltr\" data-placeholder=\"Tradu\u00e7\u00e3o\" aria-label=\"Texto traduzido\" data-ved=\"2ahUKEwj73qjFzJyIAxVDQ_EDHQ4lPHgQ3ewLegQICBAU\"><span class=\"Y2IQFc\" lang=\"pt\"><strong>Velocidade:<\/strong> Os nossos processos simplificados e tecnologias avan\u00e7adas garantem que seu o prot\u00f3tipo esteja pronto no prazo. <\/span><\/li>\n<li class=\"tw-data-text tw-text-large tw-ta\" dir=\"ltr\" data-placeholder=\"Tradu\u00e7\u00e3o\" aria-label=\"Texto traduzido\" data-ved=\"2ahUKEwj73qjFzJyIAxVDQ_EDHQ4lPHgQ3ewLegQICBAU\"><span class=\"Y2IQFc\" lang=\"pt\"><strong>Precis\u00e3o:<\/strong> Entregamos prot\u00f3tipos que atendem aos mais altos padr\u00f5es de precis\u00e3o e detalhes. <\/span><\/li>\n<li class=\"tw-data-text tw-text-large tw-ta\" dir=\"ltr\" data-placeholder=\"Tradu\u00e7\u00e3o\" aria-label=\"Texto traduzido\" data-ved=\"2ahUKEwj73qjFzJyIAxVDQ_EDHQ4lPHgQ3ewLegQICBAU\"><span class=\"Y2IQFc\" lang=\"pt\"><strong>Personaliza\u00e7\u00e3o:<\/strong> Cada projeto \u00e9 \u00fanico. Oferecemos uma variedade de materiais, acabamentos e t\u00e9cnicas para adaptar cada prot\u00f3tipo \u00e0s suas especifica\u00e7\u00f5es exatas. <\/span><\/li>\n<li class=\"tw-data-text tw-text-large tw-ta\" dir=\"ltr\" data-placeholder=\"Tradu\u00e7\u00e3o\" aria-label=\"Texto traduzido\" data-ved=\"2ahUKEwj73qjFzJyIAxVDQ_EDHQ4lPHgQ3ewLegQICBAU\"><span class=\"Y2IQFc\" lang=\"pt\"><strong>Suporte especializado<\/strong>: Do \u200b\u200bconceito \u00e0 conclus\u00e3o, a nossa equipe est\u00e1 aqui para orient\u00e1-lo em todas as etapas do processo de prototipagem. <\/span><\/li>\n<li class=\"tw-data-text tw-text-large tw-ta\" dir=\"ltr\" data-placeholder=\"Tradu\u00e7\u00e3o\" aria-label=\"Texto traduzido\" data-ved=\"2ahUKEwj73qjFzJyIAxVDQ_EDHQ4lPHgQ3ewLegQICBAU\"><span class=\"Y2IQFc\" lang=\"pt\"><strong>Econ\u00f4mico:<\/strong> As nossas solu\u00e7\u00f5es escal\u00e1veis \u200b\u200bs\u00e3o projetadas para atender a uma variedade de or\u00e7amentos, tornando a prototipagem de alta qualidade acess\u00edvel tanto para startups quanto para empresas estabelecidas.<\/span><\/li>\n<\/ul>\n\n\n<figure class=\"wp-block-image size-large\"><img fetchpriority=\"high\" decoding=\"async\" width=\"1024\" height=\"902\" src=\"https:\/\/rocens.com\/wp-content\/uploads\/2021\/10\/Prototipo4-1024x902.png\" alt=\"\" class=\"wp-image-1617\" srcset=\"https:\/\/rocens.com\/wp-content\/uploads\/2021\/10\/Prototipo4-1024x902.png 1024w, https:\/\/rocens.com\/wp-content\/uploads\/2021\/10\/Prototipo4-300x264.png 300w, https:\/\/rocens.com\/wp-content\/uploads\/2021\/10\/Prototipo4-768x676.png 768w, https:\/\/rocens.com\/wp-content\/uploads\/2021\/10\/Prototipo4-1227x1080.png 1227w, https:\/\/rocens.com\/wp-content\/uploads\/2021\/10\/Prototipo4.png 1355w\" sizes=\"(max-width: 1024px) 100vw, 1024px\" \/><\/figure>\n\n\n\n<figure class=\"wp-block-video\"><video controls src=\"https:\/\/rocens.com\/wp-content\/uploads\/2024\/08\/syringe_crib_x264v.mov\"><\/video><\/figure>\n","protected":false},"excerpt":{"rendered":"<p>Servi\u00e7os de prototipagem r\u00e1pida: transforme ideias em realidade O nosso servi\u00e7o de Prototipagem R\u00e1pida foi projetado para ajud\u00e1-lo a transformar as suas ideias em prot\u00f3tipos tang\u00edveis com velocidade, precis\u00e3o e qualidade. Quer seja um empreendedor com um conceito inovador ou uma empresa que deseja testar um novo produto, n\u00f3s fornecemos as ferramentas e o conhecimento&hellip; <br \/> <a class=\"read-more\" href=\"https:\/\/rocens.com\/pt\/rapid-prototyping\/\">Read more<\/a><\/p>\n","protected":false},"author":5,"featured_media":0,"parent":0,"menu_order":0,"comment_status":"closed","ping_status":"closed","template":"","meta":{"_coblocks_attr":"","_coblocks_dimensions":"","_coblocks_responsive_height":"","_coblocks_accordion_ie_support":"","om_disable_all_campaigns":false,"_monsterinsights_skip_tracking":false,"_monsterinsights_sitenote_active":false,"_monsterinsights_sitenote_note":"","_monsterinsights_sitenote_category":0,"footnotes":""},"class_list":["post-1467","page","type-page","status-publish","hentry"],"aioseo_notices":[],"_links":{"self":[{"href":"https:\/\/rocens.com\/pt\/wp-json\/wp\/v2\/pages\/1467","targetHints":{"allow":["GET"]}}],"collection":[{"href":"https:\/\/rocens.com\/pt\/wp-json\/wp\/v2\/pages"}],"about":[{"href":"https:\/\/rocens.com\/pt\/wp-json\/wp\/v2\/types\/page"}],"author":[{"embeddable":true,"href":"https:\/\/rocens.com\/pt\/wp-json\/wp\/v2\/users\/5"}],"replies":[{"embeddable":true,"href":"https:\/\/rocens.com\/pt\/wp-json\/wp\/v2\/comments?post=1467"}],"version-history":[{"count":21,"href":"https:\/\/rocens.com\/pt\/wp-json\/wp\/v2\/pages\/1467\/revisions"}],"predecessor-version":[{"id":3333,"href":"https:\/\/rocens.com\/pt\/wp-json\/wp\/v2\/pages\/1467\/revisions\/3333"}],"wp:attachment":[{"href":"https:\/\/rocens.com\/pt\/wp-json\/wp\/v2\/media?parent=1467"}],"curies":[{"name":"wp","href":"https:\/\/api.w.org\/{rel}","templated":true}]}}