{"id":1442,"date":"2021-10-18T14:19:57","date_gmt":"2021-10-18T13:19:57","guid":{"rendered":"https:\/\/rocens.com\/?page_id=1442"},"modified":"2024-12-23T15:04:15","modified_gmt":"2024-12-23T15:04:15","slug":"building-information-modeling-bim","status":"publish","type":"page","link":"https:\/\/rocens.com\/pt\/building-information-modeling-bim\/","title":{"rendered":"BUILDING INFORMATION MODELING (BIM)"},"content":{"rendered":"<h3><b>BIM-A mais recente tecnologia de modela\u00e7\u00e3o 3D apoiando o sector da constru\u00e7\u00e3o e os seus projetos!<\/b><\/h3>\n<p>[wpvr id=&#8221;1510&#8243;]<\/p>\n<h4>Usando a tecnologia BIM nos nossos projetos de arquitetura e engenharia, um n\u00edvel extra de precis\u00e3o \u00e9 adicionado ao design, planeamento e or\u00e7amento. Com o uso desta tecnologia \u00e9 conseguido um design completamente coordenado entre disciplinas, onde quantidades est\u00e3o dispon\u00edveis em qualquer das fases de desenvolvimento do projeto e atualizadas de forma autom\u00e1tica, conflitos construtivos s\u00e3o detetados e solucionados em fase de projeto e a interoperabilidade com software externo facilita o uso de ferramentas CAE. Esta tecnologia permite tamb\u00e9m a integra\u00e7\u00e3o de faseamento construtivo e op\u00e7\u00f5es de desenho, permitindo ao cliente uma visualiza\u00e7\u00e3o precisa da solu\u00e7\u00e3o proposta.<\/h4>\n\n\n<figure class=\"wp-block-gallery has-nested-images columns-default is-cropped wp-block-gallery-1 is-layout-flex wp-block-gallery-is-layout-flex\">\n<figure class=\"wp-block-image size-large\"><img fetchpriority=\"high\" decoding=\"async\" width=\"1024\" height=\"765\" data-id=\"2044\" src=\"https:\/\/rocens.com\/wp-content\/uploads\/2024\/08\/fire-alarm-1024x765.png\" alt=\"\" class=\"wp-image-2044\" srcset=\"https:\/\/rocens.com\/wp-content\/uploads\/2024\/08\/fire-alarm-1024x765.png 1024w, https:\/\/rocens.com\/wp-content\/uploads\/2024\/08\/fire-alarm-300x224.png 300w, https:\/\/rocens.com\/wp-content\/uploads\/2024\/08\/fire-alarm-768x573.png 768w, https:\/\/rocens.com\/wp-content\/uploads\/2024\/08\/fire-alarm.png 1409w\" sizes=\"(max-width: 1024px) 100vw, 1024px\" \/><\/figure>\n\n\n\n<figure class=\"wp-block-image size-large\"><img decoding=\"async\" width=\"1024\" height=\"928\" data-id=\"2045\" src=\"https:\/\/rocens.com\/wp-content\/uploads\/2024\/08\/fire-alarm-1-1024x928.png\" alt=\"\" class=\"wp-image-2045\" srcset=\"https:\/\/rocens.com\/wp-content\/uploads\/2024\/08\/fire-alarm-1-1024x928.png 1024w, https:\/\/rocens.com\/wp-content\/uploads\/2024\/08\/fire-alarm-1-300x272.png 300w, https:\/\/rocens.com\/wp-content\/uploads\/2024\/08\/fire-alarm-1-768x696.png 768w, https:\/\/rocens.com\/wp-content\/uploads\/2024\/08\/fire-alarm-1-1192x1080.png 1192w, https:\/\/rocens.com\/wp-content\/uploads\/2024\/08\/fire-alarm-1.png 1234w\" sizes=\"(max-width: 1024px) 100vw, 1024px\" \/><\/figure>\n<\/figure>\n\n\n<p>[wpvr id=&#8221;1594&#8243;]<\/p>","protected":false},"excerpt":{"rendered":"<p>BIM-A mais recente tecnologia de modela\u00e7\u00e3o 3D apoiando o sector da constru\u00e7\u00e3o e os seus projetos! [wpvr id=&#8221;1510&#8243;] Usando a tecnologia BIM nos nossos projetos de arquitetura e engenharia, um n\u00edvel extra de precis\u00e3o \u00e9 adicionado ao design, planeamento e or\u00e7amento. Com o uso desta tecnologia \u00e9 conseguido um design completamente coordenado entre disciplinas, onde&hellip; <br \/> <a class=\"read-more\" href=\"https:\/\/rocens.com\/pt\/building-information-modeling-bim\/\">Read more<\/a><\/p>\n","protected":false},"author":5,"featured_media":0,"parent":0,"menu_order":0,"comment_status":"closed","ping_status":"closed","template":"","meta":{"_coblocks_attr":"","_coblocks_dimensions":"","_coblocks_responsive_height":"","_coblocks_accordion_ie_support":"","om_disable_all_campaigns":false,"_monsterinsights_skip_tracking":false,"_monsterinsights_sitenote_active":false,"_monsterinsights_sitenote_note":"","_monsterinsights_sitenote_category":0,"footnotes":""},"class_list":["post-1442","page","type-page","status-publish","hentry"],"aioseo_notices":[],"_links":{"self":[{"href":"https:\/\/rocens.com\/pt\/wp-json\/wp\/v2\/pages\/1442","targetHints":{"allow":["GET"]}}],"collection":[{"href":"https:\/\/rocens.com\/pt\/wp-json\/wp\/v2\/pages"}],"about":[{"href":"https:\/\/rocens.com\/pt\/wp-json\/wp\/v2\/types\/page"}],"author":[{"embeddable":true,"href":"https:\/\/rocens.com\/pt\/wp-json\/wp\/v2\/users\/5"}],"replies":[{"embeddable":true,"href":"https:\/\/rocens.com\/pt\/wp-json\/wp\/v2\/comments?post=1442"}],"version-history":[{"count":36,"href":"https:\/\/rocens.com\/pt\/wp-json\/wp\/v2\/pages\/1442\/revisions"}],"predecessor-version":[{"id":3359,"href":"https:\/\/rocens.com\/pt\/wp-json\/wp\/v2\/pages\/1442\/revisions\/3359"}],"wp:attachment":[{"href":"https:\/\/rocens.com\/pt\/wp-json\/wp\/v2\/media?parent=1442"}],"curies":[{"name":"wp","href":"https:\/\/api.w.org\/{rel}","templated":true}]}}