{"id":1298,"date":"2020-05-26T16:47:22","date_gmt":"2020-05-26T15:47:22","guid":{"rendered":"https:\/\/rocens.com\/?page_id=1298"},"modified":"2024-12-23T18:50:06","modified_gmt":"2024-12-23T18:50:06","slug":"virtual-reality","status":"publish","type":"page","link":"https:\/\/rocens.com\/pt\/virtual-reality\/","title":{"rendered":"Realidade Virtual"},"content":{"rendered":"\n<h4 class=\"wp-block-heading\"><strong>Innovative solutions using real-time rendering VR.<\/strong><\/h4>\n\n\n\n<p>A Realidade Virtual (RV) na constru\u00e7\u00e3o civil \u00e9 uma tecnologia que cria ambientes virtuais imersivos, permitindo clientes, engenheiros, arquitetos e equipas de obras visualizem projetos em escala real antes da execu\u00e7\u00e3o.<\/p>\n\n\n\n<figure class=\"wp-block-image\"><img fetchpriority=\"high\" decoding=\"async\" width=\"1024\" height=\"550\" src=\"https:\/\/rocens.com\/wp-content\/uploads\/2024\/12\/07-1024x550.png\" alt=\"\" class=\"wp-image-3341\" srcset=\"https:\/\/rocens.com\/wp-content\/uploads\/2024\/12\/07-1024x550.png 1024w, https:\/\/rocens.com\/wp-content\/uploads\/2024\/12\/07-300x161.png 300w, https:\/\/rocens.com\/wp-content\/uploads\/2024\/12\/07-768x413.png 768w, https:\/\/rocens.com\/wp-content\/uploads\/2024\/12\/07-1536x826.png 1536w, https:\/\/rocens.com\/wp-content\/uploads\/2024\/12\/07-2048x1101.png 2048w, https:\/\/rocens.com\/wp-content\/uploads\/2024\/12\/07-1920x1032.png 1920w\" sizes=\"(max-width: 1024px) 100vw, 1024px\" \/><\/figure>\n\n\n\n<figure class=\"wp-block-image\"><img decoding=\"async\" width=\"1024\" height=\"484\" src=\"https:\/\/rocens.com\/wp-content\/uploads\/2024\/10\/image-1024x484.png\" alt=\"\" class=\"wp-image-3049\" srcset=\"https:\/\/rocens.com\/wp-content\/uploads\/2024\/10\/image-1024x484.png 1024w, https:\/\/rocens.com\/wp-content\/uploads\/2024\/10\/image-300x142.png 300w, https:\/\/rocens.com\/wp-content\/uploads\/2024\/10\/image-768x363.png 768w, https:\/\/rocens.com\/wp-content\/uploads\/2024\/10\/image-1536x727.png 1536w, https:\/\/rocens.com\/wp-content\/uploads\/2024\/10\/image.png 1619w\" sizes=\"(max-width: 1024px) 100vw, 1024px\" \/><\/figure>\n\n\n\n<p>Alguns dos impactos positivos da RV na constru\u00e7\u00e3o:<\/p>\n\n\n\n<ol class=\"wp-block-list\">\n<li>Aprimora o design de projetos: A RV possibilita intera\u00e7\u00e3o com projetos, tomada de decis\u00f5es e antecipa\u00e7\u00e3o de problemas antes da execu\u00e7\u00e3o. Imagine visualizar futuras interfer\u00eancias em um cen\u00e1rio real e capturar medidas do ambiente antes de tirar as ideias do papel.<\/li>\n\n\n\n<li>Experi\u00eancia do Cliente: A RV melhora a comunica\u00e7\u00e3o entre Cliente e Engenharia\/arquitectura, otimizando a gest\u00e3o de obras e evitando erros.<\/li>\n\n\n\n<li>Forma\u00e7\u00e3o e Seguran\u00e7a: a RV simula espa\u00e7os de trabalho, permitindo que oper\u00e1rios se familiarizem com o ambiente e a obra a ser executada. Tamb\u00e9m auxilia na forma\u00e7\u00e3o e na preven\u00e7\u00e3o de erros.<\/li>\n<\/ol>\n\n\n\n<p>Esta tecnologia revolucionou a arquitetura, proporcionando uma imagina\u00e7\u00e3o v\u00edvida da futura obra aproximando clientes e profissionais de constru\u00e7\u00e3o.<\/p>\n\n\n\n<figure class=\"wp-block-video\"><video controls src=\"https:\/\/rocens.com\/wp-content\/uploads\/2024\/08\/VE-Project-9.mp4\"><\/video><\/figure>\n\n\n\n<p><\/p>\n","protected":false},"excerpt":{"rendered":"<p>Innovative solutions using real-time rendering VR. A Realidade Virtual (RV) na constru\u00e7\u00e3o civil \u00e9 uma tecnologia que cria ambientes virtuais imersivos, permitindo clientes, engenheiros, arquitetos e equipas de obras visualizem projetos em escala real antes da execu\u00e7\u00e3o. Alguns dos impactos positivos da RV na constru\u00e7\u00e3o: Esta tecnologia revolucionou a arquitetura, proporcionando uma imagina\u00e7\u00e3o v\u00edvida da&hellip; <br \/> <a class=\"read-more\" href=\"https:\/\/rocens.com\/pt\/virtual-reality\/\">Read more<\/a><\/p>\n","protected":false},"author":5,"featured_media":0,"parent":0,"menu_order":0,"comment_status":"closed","ping_status":"closed","template":"","meta":{"_coblocks_attr":"","_coblocks_dimensions":"","_coblocks_responsive_height":"","_coblocks_accordion_ie_support":"","om_disable_all_campaigns":false,"_monsterinsights_skip_tracking":false,"_monsterinsights_sitenote_active":false,"_monsterinsights_sitenote_note":"","_monsterinsights_sitenote_category":0,"footnotes":""},"class_list":["post-1298","page","type-page","status-publish","hentry"],"aioseo_notices":[],"_links":{"self":[{"href":"https:\/\/rocens.com\/pt\/wp-json\/wp\/v2\/pages\/1298","targetHints":{"allow":["GET"]}}],"collection":[{"href":"https:\/\/rocens.com\/pt\/wp-json\/wp\/v2\/pages"}],"about":[{"href":"https:\/\/rocens.com\/pt\/wp-json\/wp\/v2\/types\/page"}],"author":[{"embeddable":true,"href":"https:\/\/rocens.com\/pt\/wp-json\/wp\/v2\/users\/5"}],"replies":[{"embeddable":true,"href":"https:\/\/rocens.com\/pt\/wp-json\/wp\/v2\/comments?post=1298"}],"version-history":[{"count":28,"href":"https:\/\/rocens.com\/pt\/wp-json\/wp\/v2\/pages\/1298\/revisions"}],"predecessor-version":[{"id":3369,"href":"https:\/\/rocens.com\/pt\/wp-json\/wp\/v2\/pages\/1298\/revisions\/3369"}],"wp:attachment":[{"href":"https:\/\/rocens.com\/pt\/wp-json\/wp\/v2\/media?parent=1298"}],"curies":[{"name":"wp","href":"https:\/\/api.w.org\/{rel}","templated":true}]}}