{"id":1092,"date":"2020-05-12T18:45:38","date_gmt":"2020-05-12T17:45:38","guid":{"rendered":"https:\/\/rocens.com\/?page_id=1092"},"modified":"2024-09-14T12:12:26","modified_gmt":"2024-09-14T11:12:26","slug":"sectors","status":"publish","type":"page","link":"https:\/\/rocens.com\/pt\/sectors\/","title":{"rendered":"SECTORS"},"content":{"rendered":"<h5><strong>Oferecemos aos nossos clientes, servi\u00e7os especializados de arquitetura, engenharia, gest\u00e3o de projetos \/ constru\u00e7\u00e3o, comissionamento e qualifica\u00e7\u00e3o nos sectores farmac\u00eautico, biotecnologia, ci\u00eancias da sa\u00fade e alimentar.<\/strong><\/h5>\n\n\n<pre class=\"wp-block-preformatted has-medium-font-size\"><strong><mark style=\"background-color:rgba(0, 0, 0, 0)\" class=\"has-inline-color has-black-color\">FARMAC\u00caUTICA<\/mark><\/strong><\/pre>\n\n\n\n<div class=\"wp-block-columns is-layout-flex wp-container-core-columns-is-layout-9d6595d7 wp-block-columns-is-layout-flex\">\n<div class=\"wp-block-column is-layout-flow wp-block-column-is-layout-flow\" style=\"flex-basis:200px\">\n<figure class=\"wp-block-image size-full\"><img decoding=\"async\" width=\"185\" height=\"140\" src=\"https:\/\/rocens.com\/wp-content\/uploads\/2024\/08\/Picture1.png\" alt=\"\" class=\"wp-image-1929\"\/><\/figure>\n<\/div>\n\n\n\n<div class=\"wp-block-column is-layout-flow wp-block-column-is-layout-flow\">\n<ul class=\"wp-block-list\">\n<li><h5><strong>G\u00e9is, pomadas e lo\u00e7\u00f5es<\/strong><\/h5><\/li>\n\n\n\n<li><h5><strong>Laborat\u00f3rios de controle de qualidade<\/strong><\/h5><\/li>\n\n\n\n<li><h5><strong>Instala\u00e7\u00f5es de pesquisa e desenvolvimento<\/strong><\/h5><\/li>\n\n\n\n<li><h5><strong>Embalagem prim\u00e1ria e secund\u00e1ria de comprimidos<\/strong><\/h5><\/li>\n\n\n\n<li><h5><strong>Composi\u00e7\u00e3o e enchimento ass\u00e9pticos<\/strong><\/h5><\/li>\n\n\n\n<li><h5><strong>Radiofarmac\u00eautica<\/strong><\/h5> <\/li>\n<\/ul>\n<\/div>\n<\/div>\n\n\n\n<pre class=\"wp-block-preformatted has-medium-font-size\"><strong><mark style=\"background-color:rgba(0, 0, 0, 0)\" class=\"has-inline-color has-black-color\">BIOTECNOLOGIA<\/mark><\/strong><\/pre>\n\n\n\n<div class=\"wp-block-columns is-layout-flex wp-container-core-columns-is-layout-9d6595d7 wp-block-columns-is-layout-flex\">\n<div class=\"wp-block-column is-layout-flow wp-block-column-is-layout-flow\" style=\"flex-basis:200px\">\n<figure class=\"wp-block-image size-full\"><img decoding=\"async\" width=\"185\" height=\"140\" src=\"https:\/\/rocens.com\/wp-content\/uploads\/2024\/08\/Picture2.png\" alt=\"\" class=\"wp-image-1930\"\/><\/figure>\n<\/div>\n\n\n\n<div class=\"wp-block-column is-layout-flow wp-block-column-is-layout-flow\">\n<ul class=\"wp-block-list\">\n<li><h5><strong>Laborat\u00f3rios de controle de qualidade<\/strong><\/h5><\/li>\n\n\n\n<li><h5><strong>Instala\u00e7\u00f5es de pesquisa e desenvolvimento<\/strong><\/h5><\/li>\n\n\n\n<li><h5><strong>Terapia Celular e Gen\u00e9tica<\/strong><\/h5><\/li>\n\n\n\n<li><h5><strong>Vacinas<\/strong><\/h5><\/li>\n\n\n\n<li><h5><strong>Seguran\u00e7a biol\u00f3gica<\/strong><\/h5><\/li>\n<\/ul>\n<\/div>\n<\/div>\n\n\n\n<pre class=\"wp-block-preformatted has-medium-font-size\"><strong><span class=\"uppercase\"><mark style=\"background-color:rgba(0, 0, 0, 0)\" class=\"has-inline-color has-black-color\">sA\u00daDE aNIMAL<\/mark><\/span><\/strong><\/pre>\n\n\n\n<div class=\"wp-block-columns is-layout-flex wp-container-core-columns-is-layout-9d6595d7 wp-block-columns-is-layout-flex\">\n<div class=\"wp-block-column is-layout-flow wp-block-column-is-layout-flow\" style=\"flex-basis:200px\">\n<figure class=\"wp-block-image size-full\"><img decoding=\"async\" width=\"185\" height=\"140\" src=\"https:\/\/rocens.com\/wp-content\/uploads\/2024\/08\/Picture4.png\" alt=\"\" class=\"wp-image-1932\"\/><\/figure>\n<\/div>\n\n\n\n<div class=\"wp-block-column is-layout-flow wp-block-column-is-layout-flow\">\n<ul class=\"wp-block-list\">\n<li><h5><strong>Laborat\u00f3rios de controle de qualidade<\/strong><\/h5><\/li>\n\n\n\n<li><h5><strong>Instala\u00e7\u00f5es de pesquisa e desenvolvimento<\/strong><\/h5><\/li>\n\n\n\n<li><h5><strong>Biot\u00e9rios<\/strong><\/h5><\/li>\n\n\n\n<li><h5><strong>Vacinas<\/strong><\/h5><\/li>\n\n\n\n<li><h5><strong>Dosagem oral s\u00f3lida<\/strong><\/h5><\/li>\n\n\n\n<li><h5><strong>Embalagem<\/strong><\/h5><\/li>\n<\/ul>\n<\/div>\n<\/div>\n\n\n\n<pre class=\"wp-block-preformatted has-medium-font-size\"><strong><mark style=\"background-color:rgba(0, 0, 0, 0)\" class=\"has-inline-color has-black-color\">QU\u00cdMICOS E COSM\u00c9TICOS<\/mark><\/strong><\/pre>\n\n\n\n<div class=\"wp-block-columns is-layout-flex wp-container-core-columns-is-layout-9d6595d7 wp-block-columns-is-layout-flex\">\n<div class=\"wp-block-column is-layout-flow wp-block-column-is-layout-flow\" style=\"flex-basis:200px\">\n<figure class=\"wp-block-image\"><img decoding=\"async\" src=\"https:\/\/rocens.com\/wp-content\/uploads\/2024\/08\/Picture5.png\" alt=\"\"\/><\/figure>\n<\/div>\n\n\n\n<div class=\"wp-block-column is-layout-flow wp-block-column-is-layout-flow\">\n<ul class=\"wp-block-list\">\n<li>\n<h5><b>Compounding<\/b><\/h5>\n<\/li>\n\n\n\n<li><h5><strong>Embalagem<\/strong><\/h5><\/li>\n\n\n\n<li><h5><strong>Distribuic\u00e3o<\/strong><\/h5><\/li>\n\n\n\n<li><h5><strong>Fabrica\u00e7\u00e3o de ingredientes ativos cosm\u00e9ticos<\/strong><\/h5><\/li>\n<\/ul>\n<\/div>\n<\/div>\n\n\n\n<pre class=\"wp-block-preformatted has-medium-font-size\"><strong><mark style=\"background-color:rgba(0, 0, 0, 0)\" class=\"has-inline-color has-black-color\">CI\u00caNCIAS DA VIDA<\/mark><\/strong><\/pre>\n\n\n\n<div class=\"wp-block-columns is-layout-flex wp-container-core-columns-is-layout-9d6595d7 wp-block-columns-is-layout-flex\">\n<div class=\"wp-block-column is-layout-flow wp-block-column-is-layout-flow\" style=\"flex-basis:200px\">\n<figure class=\"wp-block-image\"><img decoding=\"async\" src=\"https:\/\/rocens.com\/wp-content\/uploads\/2024\/08\/Picture3.png\" alt=\"\"\/><\/figure>\n<\/div>\n\n\n\n<div class=\"wp-block-column is-layout-flow wp-block-column-is-layout-flow\">\n<ul class=\"wp-block-list\">\n<li><h5><b>Cl\u00ednicas M\u00e9dicas<\/b><\/h5><\/li>\n\n\n\n<li><h5><strong>Laborat\u00f3rios Anal\u00edticos<\/strong><\/h5><\/li>\n\n\n\n<li><h5><strong>Hospitais<\/strong><\/h5><\/li>\n\n\n\n<li><h5><strong>Instala\u00e7\u00f5es de sa\u00fade<\/strong><\/h5><\/li>\n<\/ul>\n<\/div>\n<\/div>\n\n\n\n<pre class=\"wp-block-preformatted has-medium-font-size\"><strong><mark style=\"background-color:rgba(0, 0, 0, 0)\" class=\"has-inline-color has-black-color\">CAN\u00c1BIS M\u00c9DICO<\/mark><\/strong><\/pre>\n\n\n\n<div class=\"wp-block-columns is-layout-flex wp-container-core-columns-is-layout-9d6595d7 wp-block-columns-is-layout-flex\">\n<div class=\"wp-block-column is-layout-flow wp-block-column-is-layout-flow\" style=\"flex-basis:200px\">\n<figure class=\"wp-block-image size-full\"><img loading=\"lazy\" decoding=\"async\" width=\"185\" height=\"140\" src=\"https:\/\/rocens.com\/wp-content\/uploads\/2024\/08\/Picture6.png\" alt=\"\" class=\"wp-image-1928\"\/><\/figure>\n<\/div>\n\n\n\n<div class=\"wp-block-column is-layout-flow wp-block-column-is-layout-flow\">\n<ul class=\"wp-block-list\">\n<li><h5><b>Cultivo indoor<\/b><\/h5><\/li>\n\n\n\n<li><h5><strong>Cultivo ao ar livre<\/strong><\/h5><\/li>\n\n\n\n<li><h5><strong>Extra\u00e7\u00e3o<\/strong><\/h5><\/li>\n\n\n\n<li><h5><strong>Enchimento e embalagem<\/strong><\/h5><\/li>\n<\/ul>\n<\/div>\n<\/div>\n","protected":false},"excerpt":{"rendered":"<p>Oferecemos aos nossos clientes, servi\u00e7os especializados de arquitetura, engenharia, gest\u00e3o de projetos \/ constru\u00e7\u00e3o, comissionamento e qualifica\u00e7\u00e3o nos sectores farmac\u00eautico, biotecnologia, ci\u00eancias da sa\u00fade e alimentar. FARMAC\u00caUTICA BIOTECNOLOGIA sA\u00daDE aNIMAL QU\u00cdMICOS E COSM\u00c9TICOS CI\u00caNCIAS DA VIDA CAN\u00c1BIS M\u00c9DICO<\/p>\n","protected":false},"author":5,"featured_media":2477,"parent":0,"menu_order":0,"comment_status":"closed","ping_status":"closed","template":"","meta":{"_coblocks_attr":"Arial","_coblocks_dimensions":"","_coblocks_responsive_height":"","_coblocks_accordion_ie_support":"","om_disable_all_campaigns":false,"_monsterinsights_skip_tracking":false,"_monsterinsights_sitenote_active":false,"_monsterinsights_sitenote_note":"","_monsterinsights_sitenote_category":0,"footnotes":""},"class_list":["post-1092","page","type-page","status-publish","has-post-thumbnail","hentry"],"aioseo_notices":[],"_links":{"self":[{"href":"https:\/\/rocens.com\/pt\/wp-json\/wp\/v2\/pages\/1092","targetHints":{"allow":["GET"]}}],"collection":[{"href":"https:\/\/rocens.com\/pt\/wp-json\/wp\/v2\/pages"}],"about":[{"href":"https:\/\/rocens.com\/pt\/wp-json\/wp\/v2\/types\/page"}],"author":[{"embeddable":true,"href":"https:\/\/rocens.com\/pt\/wp-json\/wp\/v2\/users\/5"}],"replies":[{"embeddable":true,"href":"https:\/\/rocens.com\/pt\/wp-json\/wp\/v2\/comments?post=1092"}],"version-history":[{"count":143,"href":"https:\/\/rocens.com\/pt\/wp-json\/wp\/v2\/pages\/1092\/revisions"}],"predecessor-version":[{"id":2475,"href":"https:\/\/rocens.com\/pt\/wp-json\/wp\/v2\/pages\/1092\/revisions\/2475"}],"wp:featuredmedia":[{"embeddable":true,"href":"https:\/\/rocens.com\/pt\/wp-json\/wp\/v2\/media\/2477"}],"wp:attachment":[{"href":"https:\/\/rocens.com\/pt\/wp-json\/wp\/v2\/media?parent=1092"}],"curies":[{"name":"wp","href":"https:\/\/api.w.org\/{rel}","templated":true}]}}