{"id":1078,"date":"2020-05-12T17:29:53","date_gmt":"2020-05-12T16:29:53","guid":{"rendered":"https:\/\/rocens.com\/?page_id=1078"},"modified":"2024-12-23T14:04:35","modified_gmt":"2024-12-23T14:04:35","slug":"computer-aided-engineering-cae","status":"publish","type":"page","link":"https:\/\/rocens.com\/pt\/computer-aided-engineering-cae\/","title":{"rendered":"ENGENHARIA ASSISTIDA POR COMPUTADOR (CAE)"},"content":{"rendered":"<h3><b>Optimiza\u00e7\u00e3o do seu produto\u00a0<\/b><b>\/<\/b><b>sistema recorrendo \u00e0 \u00faltima tecnologia de simula\u00e7\u00e3o.<\/b><\/h3>\n<h4>Com os \u00faltimos avan\u00e7os em ferramentas de engenharia assistida por computador, temos hoje a possibilidade de criar um \u201cg\u00e9meo digital\u201d do seu produto\/sistema e prever o seu comportamento de uma forma precisa.<\/h4>\n<h4><a href=\"https:\/\/rocens.com\/wp-content\/uploads\/2021\/10\/Slide2.png\" target=\"_blank\" rel=\"noopener\"><img fetchpriority=\"high\" decoding=\"async\" class=\"alignnone wp-image-1599\" title=\"CFD1\" src=\"https:\/\/rocens.com\/wp-content\/uploads\/2021\/10\/Slide2-300x207.png\" alt=\"\" width=\"325\" height=\"224\" srcset=\"https:\/\/rocens.com\/wp-content\/uploads\/2021\/10\/Slide2-300x207.png 300w, https:\/\/rocens.com\/wp-content\/uploads\/2021\/10\/Slide2.png 703w\" sizes=\"(max-width: 325px) 100vw, 325px\" \/><\/a> <a href=\"https:\/\/rocens.com\/wp-content\/uploads\/2021\/10\/Slide5.png\" target=\"_blank\" rel=\"noopener\"><img decoding=\"async\" class=\"alignnone wp-image-1600 size-medium\" title=\"CFD2\" src=\"https:\/\/rocens.com\/wp-content\/uploads\/2021\/10\/Slide5-300x225.png\" alt=\"\" width=\"300\" height=\"225\" srcset=\"https:\/\/rocens.com\/wp-content\/uploads\/2021\/10\/Slide5-300x225.png 300w, https:\/\/rocens.com\/wp-content\/uploads\/2021\/10\/Slide5.png 713w\" sizes=\"(max-width: 300px) 100vw, 300px\" \/><\/a><\/h4>\n<h4>Isto d\u00e1-nos uma quantidade enorme de conhecimento acerca da performance global e acerca dos pontos fracos que necessitam de uma aten\u00e7\u00e3o extra, estando toda esta informa\u00e7\u00e3o dispon\u00edvel muitos antes de ser feito qualquer tipo de investimento em produ\u00e7\u00e3o\/constru\u00e7\u00e3o. Estas ferramentas poder\u00e3o ser usadas de igual modo em projetos de repara\u00e7\u00e3o ou de melhoria onde os problemas encontrados na vida real s\u00e3o simulados e as solu\u00e7\u00f5es t\u00e9cnicas s\u00e3o testadas no \u201cg\u00e9meo digital\u201d antes de serem iniciados os trabalhos de remedia\u00e7\u00e3o.<\/h4>\n<h2>\u00a0\u00a0<a href=\"https:\/\/rocens.com\/wp-content\/uploads\/2021\/10\/Slide6.png\" target=\"_blank\" rel=\"noopener\"><img decoding=\"async\" class=\"alignnone wp-image-1601\" title=\"CFD3\" src=\"https:\/\/rocens.com\/wp-content\/uploads\/2021\/10\/Slide6-300x151.png\" alt=\"\" width=\"443\" height=\"223\" srcset=\"https:\/\/rocens.com\/wp-content\/uploads\/2021\/10\/Slide6-300x151.png 300w, https:\/\/rocens.com\/wp-content\/uploads\/2021\/10\/Slide6-768x386.png 768w, https:\/\/rocens.com\/wp-content\/uploads\/2021\/10\/Slide6.png 922w\" sizes=\"(max-width: 443px) 100vw, 443px\" \/><\/a> <a href=\"https:\/\/rocens.com\/wp-content\/uploads\/2021\/10\/Image-3.png\" target=\"_blank\" rel=\"noopener\"><img loading=\"lazy\" decoding=\"async\" class=\"alignnone wp-image-1604\" title=\"CFD4\" src=\"https:\/\/rocens.com\/wp-content\/uploads\/2021\/10\/Image-3-300x218.png\" alt=\"\" width=\"307\" height=\"223\" srcset=\"https:\/\/rocens.com\/wp-content\/uploads\/2021\/10\/Image-3-300x218.png 300w, https:\/\/rocens.com\/wp-content\/uploads\/2021\/10\/Image-3-1024x744.png 1024w, https:\/\/rocens.com\/wp-content\/uploads\/2021\/10\/Image-3-768x558.png 768w, https:\/\/rocens.com\/wp-content\/uploads\/2021\/10\/Image-3-1487x1080.png 1487w, https:\/\/rocens.com\/wp-content\/uploads\/2021\/10\/Image-3.png 1526w\" sizes=\"(max-width: 307px) 100vw, 307px\" \/><\/a><\/h2>\n","protected":false},"excerpt":{"rendered":"<p>Optimiza\u00e7\u00e3o do seu produto\u00a0\/sistema recorrendo \u00e0 \u00faltima tecnologia de simula\u00e7\u00e3o. Com os \u00faltimos avan\u00e7os em ferramentas de engenharia assistida por computador, temos hoje a possibilidade de criar um \u201cg\u00e9meo digital\u201d do seu produto\/sistema e prever o seu comportamento de uma forma precisa. Isto d\u00e1-nos uma quantidade enorme de conhecimento acerca da performance global e acerca&hellip; <br \/> <a class=\"read-more\" href=\"https:\/\/rocens.com\/pt\/computer-aided-engineering-cae\/\">Read more<\/a><\/p>\n","protected":false},"author":5,"featured_media":0,"parent":0,"menu_order":0,"comment_status":"closed","ping_status":"closed","template":"","meta":{"_coblocks_attr":"","_coblocks_dimensions":"","_coblocks_responsive_height":"","_coblocks_accordion_ie_support":"","om_disable_all_campaigns":false,"_monsterinsights_skip_tracking":false,"_monsterinsights_sitenote_active":false,"_monsterinsights_sitenote_note":"","_monsterinsights_sitenote_category":0,"footnotes":""},"class_list":["post-1078","page","type-page","status-publish","hentry"],"aioseo_notices":[],"_links":{"self":[{"href":"https:\/\/rocens.com\/pt\/wp-json\/wp\/v2\/pages\/1078","targetHints":{"allow":["GET"]}}],"collection":[{"href":"https:\/\/rocens.com\/pt\/wp-json\/wp\/v2\/pages"}],"about":[{"href":"https:\/\/rocens.com\/pt\/wp-json\/wp\/v2\/types\/page"}],"author":[{"embeddable":true,"href":"https:\/\/rocens.com\/pt\/wp-json\/wp\/v2\/users\/5"}],"replies":[{"embeddable":true,"href":"https:\/\/rocens.com\/pt\/wp-json\/wp\/v2\/comments?post=1078"}],"version-history":[{"count":24,"href":"https:\/\/rocens.com\/pt\/wp-json\/wp\/v2\/pages\/1078\/revisions"}],"predecessor-version":[{"id":3330,"href":"https:\/\/rocens.com\/pt\/wp-json\/wp\/v2\/pages\/1078\/revisions\/3330"}],"wp:attachment":[{"href":"https:\/\/rocens.com\/pt\/wp-json\/wp\/v2\/media?parent=1078"}],"curies":[{"name":"wp","href":"https:\/\/api.w.org\/{rel}","templated":true}]}}