{"id":1074,"date":"2020-05-12T17:27:09","date_gmt":"2020-05-12T16:27:09","guid":{"rendered":"https:\/\/rocens.com\/?page_id=1074"},"modified":"2024-12-23T19:13:10","modified_gmt":"2024-12-23T19:13:10","slug":"project-management","status":"publish","type":"page","link":"https:\/\/rocens.com\/pt\/project-management\/","title":{"rendered":"Gest\u00e3o de Projecto"},"content":{"rendered":"\n<p>Gest\u00e3o de Projetos \u00e9 a aplica\u00e7\u00e3o de conhecimentos, habilidades, ferramentas e t\u00e9cnicas \u00e0s atividades do projeto para atingir objetivos espec\u00edficos. Envolve planear, organizar e supervisionar recursos para alcan\u00e7ar os objetivos do projeto dentro de restri\u00e7\u00f5es definidas, como tempo, or\u00e7amento e \u00e2mbito. Os principais aspetos incluem:<\/p>\n\n\n\n<p>Inicia\u00e7\u00e3o: Definir os objetivos, o \u00e2mbito e a viabilidade do projeto.<\/p>\n\n\n\n<p><strong>Planeamento:<\/strong> Desenvolver planos detalhados que descrevam tarefas, cronogramas, recursos e or\u00e7amentos.<\/p>\n\n\n\n<p><strong>Execu\u00e7\u00e3o:<\/strong> Implementar o plano do projeto e gerir a equipa do projeto.<\/p>\n\n\n\n<p><strong>Monitoriza\u00e7\u00e3o e Controlo<\/strong>: Acompanhar o progresso, gerir mudan\u00e7as e garantir que o projeto se mantenha no caminho certo.<\/p>\n\n\n\n<p><strong>Encerramento: <\/strong>Finalizar todas as atividades, entregar o projeto \u00e0s partes interessadas e realizar avalia\u00e7\u00f5es p\u00f3s-projeto.<\/p>\n\n\n\n<p>Uma gest\u00e3o de projetos eficaz garante que os projetos sejam conclu\u00eddos com sucesso, atendendo a todos os requisitos e entregando valor \u00e0s partes interessadas.<\/p>\n\n\n\n<p>A nossa equipa fornece servi\u00e7os abrangentes de gest\u00e3o de projetos para garantir que os seus projetos sejam entregues a tempo, dentro do or\u00e7amento e com os mais altos padr\u00f5es de qualidade.<\/p>\n\n\n<h3><\/h3>","protected":false},"excerpt":{"rendered":"<p>Gest\u00e3o de Projetos \u00e9 a aplica\u00e7\u00e3o de conhecimentos, habilidades, ferramentas e t\u00e9cnicas \u00e0s atividades do projeto para atingir objetivos espec\u00edficos. Envolve planear, organizar e supervisionar recursos para alcan\u00e7ar os objetivos do projeto dentro de restri\u00e7\u00f5es definidas, como tempo, or\u00e7amento e \u00e2mbito. Os principais aspetos incluem: Inicia\u00e7\u00e3o: Definir os objetivos, o \u00e2mbito e a viabilidade do&hellip; <br \/> <a class=\"read-more\" href=\"https:\/\/rocens.com\/pt\/project-management\/\">Read more<\/a><\/p>\n","protected":false},"author":5,"featured_media":0,"parent":0,"menu_order":0,"comment_status":"closed","ping_status":"closed","template":"","meta":{"_coblocks_attr":"","_coblocks_dimensions":"","_coblocks_responsive_height":"","_coblocks_accordion_ie_support":"","om_disable_all_campaigns":false,"_monsterinsights_skip_tracking":false,"_monsterinsights_sitenote_active":false,"_monsterinsights_sitenote_note":"","_monsterinsights_sitenote_category":0,"footnotes":""},"class_list":["post-1074","page","type-page","status-publish","hentry"],"aioseo_notices":[],"_links":{"self":[{"href":"https:\/\/rocens.com\/pt\/wp-json\/wp\/v2\/pages\/1074","targetHints":{"allow":["GET"]}}],"collection":[{"href":"https:\/\/rocens.com\/pt\/wp-json\/wp\/v2\/pages"}],"about":[{"href":"https:\/\/rocens.com\/pt\/wp-json\/wp\/v2\/types\/page"}],"author":[{"embeddable":true,"href":"https:\/\/rocens.com\/pt\/wp-json\/wp\/v2\/users\/5"}],"replies":[{"embeddable":true,"href":"https:\/\/rocens.com\/pt\/wp-json\/wp\/v2\/comments?post=1074"}],"version-history":[{"count":25,"href":"https:\/\/rocens.com\/pt\/wp-json\/wp\/v2\/pages\/1074\/revisions"}],"predecessor-version":[{"id":3375,"href":"https:\/\/rocens.com\/pt\/wp-json\/wp\/v2\/pages\/1074\/revisions\/3375"}],"wp:attachment":[{"href":"https:\/\/rocens.com\/pt\/wp-json\/wp\/v2\/media?parent=1074"}],"curies":[{"name":"wp","href":"https:\/\/api.w.org\/{rel}","templated":true}]}}